{"id":3161,"date":"2015-05-13T17:31:21","date_gmt":"2015-05-13T15:31:21","guid":{"rendered":"https:\/\/ferrocanor.com\/productos\/puertas-de-garaje-y-comerciales\/portes-enrotllables-alumini\/"},"modified":"2017-03-18T17:19:34","modified_gmt":"2017-03-18T16:19:34","slug":"puertas-enrollables-aluminio","status":"publish","type":"page","link":"https:\/\/ferrocanor.com\/es\/productos\/puertas-de-garaje-y-comerciales\/puertas-enrollables-aluminio\/","title":{"rendered":"Puertas enrollables aluminio"},"content":{"rendered":"<h3>Puertas enrollables aluminio<\/h3>\n<p>Instalamos\u00a0<strong>puertas enrollables aluminio<\/strong>\u00a0para garajes o recintos comerciales. Se pueden fabricar con lama ciega, microperforada y encu\u00f1ada. Para una mayor seguridad las lamas pueden ser autobloqueantes. Estas puertas se pueden acabar en colores RAL,\u00a0anodizados o imitaci\u00f3n madera.<\/p>\n<p>En la siguiente galer\u00eda pod\u00e9is ver un ejemplo de puertas enrollables de aluminio.<\/p>\n<hr \/>\n\n\t\t<style type=\"text\/css\">\n\t\t\t#gallery-2 {\n\t\t\t\tmargin: auto;\n\t\t\t}\n\t\t\t#gallery-2 .gallery-item {\n\t\t\t\tfloat: left;\n\t\t\t\tmargin-top: 10px;\n\t\t\t\ttext-align: center;\n\t\t\t\twidth: 25%;\n\t\t\t}\n\t\t\t#gallery-2 img {\n\t\t\t\tborder: 2px solid #cfcfcf;\n\t\t\t}\n\t\t\t#gallery-2 .gallery-caption {\n\t\t\t\tmargin-left: 0;\n\t\t\t}\n\t\t\t\/* see gallery_shortcode() in wp-includes\/media.php *\/\n\t\t<\/style>\n\t\t<div id='gallery-2' class='gallery galleryid-3161 gallery-columns-4 gallery-size-thumbnail'><dl class='gallery-item'>\n\t\t\t<dt class='gallery-icon landscape'>\n\t\t\t\t<a href='https:\/\/ferrocanor.com\/wp-content\/uploads\/2015\/05\/puerta_de_garage_enrollable_aluminio_11.jpg' title=\"\" data-rl_title=\"\" class=\"rl-gallery-link\" data-rl_caption=\"\" data-rel=\"lightbox-gallery-2\"><img loading=\"lazy\" decoding=\"async\" width=\"150\" height=\"150\" src=\"https:\/\/ferrocanor.com\/wp-content\/uploads\/2015\/05\/puerta_de_garage_enrollable_aluminio_11-150x150.jpg\" class=\"attachment-thumbnail size-thumbnail\" alt=\"\" srcset=\"https:\/\/ferrocanor.com\/wp-content\/uploads\/2015\/05\/puerta_de_garage_enrollable_aluminio_11-150x150.jpg 150w, https:\/\/ferrocanor.com\/wp-content\/uploads\/2015\/05\/puerta_de_garage_enrollable_aluminio_11-100x100.jpg 100w\" sizes=\"(max-width: 150px) 100vw, 150px\" \/><\/a>\n\t\t\t<\/dt><\/dl><dl class='gallery-item'>\n\t\t\t<dt class='gallery-icon landscape'>\n\t\t\t\t<a href='https:\/\/ferrocanor.com\/wp-content\/uploads\/2015\/05\/puerta-enrollable-aluminio-imitacion-madera1.jpg' title=\"\" data-rl_title=\"\" class=\"rl-gallery-link\" data-rl_caption=\"\" data-rel=\"lightbox-gallery-2\"><img loading=\"lazy\" decoding=\"async\" width=\"150\" height=\"150\" src=\"https:\/\/ferrocanor.com\/wp-content\/uploads\/2015\/05\/puerta-enrollable-aluminio-imitacion-madera1-150x150.jpg\" class=\"attachment-thumbnail size-thumbnail\" alt=\"\" srcset=\"https:\/\/ferrocanor.com\/wp-content\/uploads\/2015\/05\/puerta-enrollable-aluminio-imitacion-madera1-150x150.jpg 150w, https:\/\/ferrocanor.com\/wp-content\/uploads\/2015\/05\/puerta-enrollable-aluminio-imitacion-madera1-100x100.jpg 100w\" sizes=\"(max-width: 150px) 100vw, 150px\" \/><\/a>\n\t\t\t<\/dt><\/dl>\n\t\t\t<br style='clear: both' \/>\n\t\t<\/div>\n\n","protected":false},"excerpt":{"rendered":"<p>Puertas enrollables aluminio Instalamos\u00a0puertas enrollables aluminio\u00a0para garajes o recintos comerciales. Se pueden fabricar con lama ciega, microperforada y encu\u00f1ada. Para una mayor seguridad las lamas pueden ser autobloqueantes. Estas puertas se pueden acabar en colores RAL,\u00a0anodizados o imitaci\u00f3n madera. En la siguiente galer\u00eda pod\u00e9is ver un ejemplo de puertas enrollables de aluminio.<\/p>\n","protected":false},"author":3,"featured_media":1547,"parent":890,"menu_order":0,"comment_status":"open","ping_status":"open","template":"","meta":{"_monsterinsights_skip_tracking":false,"_monsterinsights_sitenote_active":false,"_monsterinsights_sitenote_note":"","_monsterinsights_sitenote_category":0,"footnotes":""},"yoast_head":"<!-- This site is optimized with the Yoast SEO plugin v22.9 - https:\/\/yoast.com\/wordpress\/plugins\/seo\/ -->\n<title>Puertas enrollables de aluminio en cualquier acabado RAL o anodizadas<\/title>\n<meta name=\"description\" content=\"Instalamos puertas enrollables con lama ciega, microperforada o troquelada. Opci\u00f3n de lamas autoblocantes para mayor seguridad.\" \/>\n<meta name=\"robots\" content=\"index, follow, max-snippet:-1, max-image-preview:large, max-video-preview:-1\" \/>\n<link rel=\"canonical\" href=\"https:\/\/ferrocanor.com\/es\/productos\/puertas-de-garaje-y-comerciales\/puertas-enrollables-aluminio\/\" \/>\n<meta property=\"og:locale\" content=\"es_ES\" \/>\n<meta property=\"og:type\" content=\"article\" \/>\n<meta property=\"og:title\" content=\"Puertas enrollables de aluminio en cualquier acabado RAL o anodizadas\" \/>\n<meta property=\"og:description\" content=\"Instalamos puertas enrollables con lama ciega, microperforada o troquelada. Opci\u00f3n de lamas autoblocantes para mayor seguridad.\" \/>\n<meta property=\"og:url\" content=\"https:\/\/ferrocanor.com\/es\/productos\/puertas-de-garaje-y-comerciales\/puertas-enrollables-aluminio\/\" \/>\n<meta property=\"og:site_name\" content=\"ferrocanor.com\" \/>\n<meta property=\"article:publisher\" content=\"https:\/\/www.facebook.com\/Canor-ferro-alumini-i-PVC-171451982903235\" \/>\n<meta property=\"article:modified_time\" content=\"2017-03-18T16:19:34+00:00\" \/>\n<meta property=\"og:image\" content=\"https:\/\/ferrocanor.com\/wp-content\/uploads\/2015\/05\/puerta_de_garage_enrollable_aluminio_1.jpg\" \/>\n\t<meta property=\"og:image:width\" content=\"928\" \/>\n\t<meta property=\"og:image:height\" content=\"750\" \/>\n\t<meta property=\"og:image:type\" content=\"image\/jpeg\" \/>\n<script type=\"application\/ld+json\" class=\"yoast-schema-graph\">{\"@context\":\"https:\/\/schema.org\",\"@graph\":[{\"@type\":\"WebPage\",\"@id\":\"https:\/\/ferrocanor.com\/es\/productos\/puertas-de-garaje-y-comerciales\/puertas-enrollables-aluminio\/\",\"url\":\"https:\/\/ferrocanor.com\/es\/productos\/puertas-de-garaje-y-comerciales\/puertas-enrollables-aluminio\/\",\"name\":\"Puertas enrollables de aluminio en cualquier acabado RAL o anodizadas\",\"isPartOf\":{\"@id\":\"http:\/\/ferrocanor.com\/#website\"},\"primaryImageOfPage\":{\"@id\":\"https:\/\/ferrocanor.com\/es\/productos\/puertas-de-garaje-y-comerciales\/puertas-enrollables-aluminio\/#primaryimage\"},\"image\":{\"@id\":\"https:\/\/ferrocanor.com\/es\/productos\/puertas-de-garaje-y-comerciales\/puertas-enrollables-aluminio\/#primaryimage\"},\"thumbnailUrl\":\"https:\/\/ferrocanor.com\/wp-content\/uploads\/2015\/05\/puerta_de_garage_enrollable_aluminio_1.jpg\",\"datePublished\":\"2015-05-13T15:31:21+00:00\",\"dateModified\":\"2017-03-18T16:19:34+00:00\",\"description\":\"Instalamos puertas enrollables con lama ciega, microperforada o troquelada. Opci\u00f3n de lamas autoblocantes para mayor seguridad.\",\"breadcrumb\":{\"@id\":\"https:\/\/ferrocanor.com\/es\/productos\/puertas-de-garaje-y-comerciales\/puertas-enrollables-aluminio\/#breadcrumb\"},\"inLanguage\":\"es-ES\",\"potentialAction\":[{\"@type\":\"ReadAction\",\"target\":[\"https:\/\/ferrocanor.com\/es\/productos\/puertas-de-garaje-y-comerciales\/puertas-enrollables-aluminio\/\"]}]},{\"@type\":\"ImageObject\",\"inLanguage\":\"es-ES\",\"@id\":\"https:\/\/ferrocanor.com\/es\/productos\/puertas-de-garaje-y-comerciales\/puertas-enrollables-aluminio\/#primaryimage\",\"url\":\"https:\/\/ferrocanor.com\/wp-content\/uploads\/2015\/05\/puerta_de_garage_enrollable_aluminio_1.jpg\",\"contentUrl\":\"https:\/\/ferrocanor.com\/wp-content\/uploads\/2015\/05\/puerta_de_garage_enrollable_aluminio_1.jpg\",\"width\":928,\"height\":750,\"caption\":\"puertas enrollables aluminio\"},{\"@type\":\"BreadcrumbList\",\"@id\":\"https:\/\/ferrocanor.com\/es\/productos\/puertas-de-garaje-y-comerciales\/puertas-enrollables-aluminio\/#breadcrumb\",\"itemListElement\":[{\"@type\":\"ListItem\",\"position\":1,\"name\":\"Home\",\"item\":\"http:\/\/ferrocanor.com\/es\/\"},{\"@type\":\"ListItem\",\"position\":2,\"name\":\"Productos\",\"item\":\"http:\/\/ferrocanor.com\/es\/productos\/\"},{\"@type\":\"ListItem\",\"position\":3,\"name\":\"Puertas de garaje y comerciales\",\"item\":\"https:\/\/ferrocanor.com\/es\/productos\/puertas-de-garaje-y-comerciales\/\"},{\"@type\":\"ListItem\",\"position\":4,\"name\":\"Puertas enrollables aluminio\"}]},{\"@type\":\"WebSite\",\"@id\":\"http:\/\/ferrocanor.com\/#website\",\"url\":\"http:\/\/ferrocanor.com\/\",\"name\":\"ferrocanor.com\",\"description\":\"Hierro - Aluminio - PVC\",\"publisher\":{\"@id\":\"http:\/\/ferrocanor.com\/#organization\"},\"potentialAction\":[{\"@type\":\"SearchAction\",\"target\":{\"@type\":\"EntryPoint\",\"urlTemplate\":\"http:\/\/ferrocanor.com\/?s={search_term_string}\"},\"query-input\":\"required name=search_term_string\"}],\"inLanguage\":\"es-ES\"},{\"@type\":\"Organization\",\"@id\":\"http:\/\/ferrocanor.com\/#organization\",\"name\":\"ferrocanor.com\",\"url\":\"http:\/\/ferrocanor.com\/\",\"logo\":{\"@type\":\"ImageObject\",\"inLanguage\":\"es-ES\",\"@id\":\"http:\/\/ferrocanor.com\/#\/schema\/logo\/image\/\",\"url\":\"https:\/\/ferrocanor.com\/wp-content\/uploads\/2022\/02\/logo-ferrocanor-horizontal-web-01.png\",\"contentUrl\":\"https:\/\/ferrocanor.com\/wp-content\/uploads\/2022\/02\/logo-ferrocanor-horizontal-web-01.png\",\"width\":357,\"height\":143,\"caption\":\"ferrocanor.com\"},\"image\":{\"@id\":\"http:\/\/ferrocanor.com\/#\/schema\/logo\/image\/\"},\"sameAs\":[\"https:\/\/www.facebook.com\/Canor-ferro-alumini-i-PVC-171451982903235\"]}]}<\/script>\n<!-- \/ Yoast SEO plugin. -->","yoast_head_json":{"title":"Puertas enrollables de aluminio en cualquier acabado RAL o anodizadas","description":"Instalamos puertas enrollables con lama ciega, microperforada o troquelada. Opci\u00f3n de lamas autoblocantes para mayor seguridad.","robots":{"index":"index","follow":"follow","max-snippet":"max-snippet:-1","max-image-preview":"max-image-preview:large","max-video-preview":"max-video-preview:-1"},"canonical":"https:\/\/ferrocanor.com\/es\/productos\/puertas-de-garaje-y-comerciales\/puertas-enrollables-aluminio\/","og_locale":"es_ES","og_type":"article","og_title":"Puertas enrollables de aluminio en cualquier acabado RAL o anodizadas","og_description":"Instalamos puertas enrollables con lama ciega, microperforada o troquelada. Opci\u00f3n de lamas autoblocantes para mayor seguridad.","og_url":"https:\/\/ferrocanor.com\/es\/productos\/puertas-de-garaje-y-comerciales\/puertas-enrollables-aluminio\/","og_site_name":"ferrocanor.com","article_publisher":"https:\/\/www.facebook.com\/Canor-ferro-alumini-i-PVC-171451982903235","article_modified_time":"2017-03-18T16:19:34+00:00","og_image":[{"width":928,"height":750,"url":"https:\/\/ferrocanor.com\/wp-content\/uploads\/2015\/05\/puerta_de_garage_enrollable_aluminio_1.jpg","type":"image\/jpeg"}],"schema":{"@context":"https:\/\/schema.org","@graph":[{"@type":"WebPage","@id":"https:\/\/ferrocanor.com\/es\/productos\/puertas-de-garaje-y-comerciales\/puertas-enrollables-aluminio\/","url":"https:\/\/ferrocanor.com\/es\/productos\/puertas-de-garaje-y-comerciales\/puertas-enrollables-aluminio\/","name":"Puertas enrollables de aluminio en cualquier acabado RAL o anodizadas","isPartOf":{"@id":"http:\/\/ferrocanor.com\/#website"},"primaryImageOfPage":{"@id":"https:\/\/ferrocanor.com\/es\/productos\/puertas-de-garaje-y-comerciales\/puertas-enrollables-aluminio\/#primaryimage"},"image":{"@id":"https:\/\/ferrocanor.com\/es\/productos\/puertas-de-garaje-y-comerciales\/puertas-enrollables-aluminio\/#primaryimage"},"thumbnailUrl":"https:\/\/ferrocanor.com\/wp-content\/uploads\/2015\/05\/puerta_de_garage_enrollable_aluminio_1.jpg","datePublished":"2015-05-13T15:31:21+00:00","dateModified":"2017-03-18T16:19:34+00:00","description":"Instalamos puertas enrollables con lama ciega, microperforada o troquelada. Opci\u00f3n de lamas autoblocantes para mayor seguridad.","breadcrumb":{"@id":"https:\/\/ferrocanor.com\/es\/productos\/puertas-de-garaje-y-comerciales\/puertas-enrollables-aluminio\/#breadcrumb"},"inLanguage":"es-ES","potentialAction":[{"@type":"ReadAction","target":["https:\/\/ferrocanor.com\/es\/productos\/puertas-de-garaje-y-comerciales\/puertas-enrollables-aluminio\/"]}]},{"@type":"ImageObject","inLanguage":"es-ES","@id":"https:\/\/ferrocanor.com\/es\/productos\/puertas-de-garaje-y-comerciales\/puertas-enrollables-aluminio\/#primaryimage","url":"https:\/\/ferrocanor.com\/wp-content\/uploads\/2015\/05\/puerta_de_garage_enrollable_aluminio_1.jpg","contentUrl":"https:\/\/ferrocanor.com\/wp-content\/uploads\/2015\/05\/puerta_de_garage_enrollable_aluminio_1.jpg","width":928,"height":750,"caption":"puertas enrollables aluminio"},{"@type":"BreadcrumbList","@id":"https:\/\/ferrocanor.com\/es\/productos\/puertas-de-garaje-y-comerciales\/puertas-enrollables-aluminio\/#breadcrumb","itemListElement":[{"@type":"ListItem","position":1,"name":"Home","item":"http:\/\/ferrocanor.com\/es\/"},{"@type":"ListItem","position":2,"name":"Productos","item":"http:\/\/ferrocanor.com\/es\/productos\/"},{"@type":"ListItem","position":3,"name":"Puertas de garaje y comerciales","item":"https:\/\/ferrocanor.com\/es\/productos\/puertas-de-garaje-y-comerciales\/"},{"@type":"ListItem","position":4,"name":"Puertas enrollables aluminio"}]},{"@type":"WebSite","@id":"http:\/\/ferrocanor.com\/#website","url":"http:\/\/ferrocanor.com\/","name":"ferrocanor.com","description":"Hierro - Aluminio - PVC","publisher":{"@id":"http:\/\/ferrocanor.com\/#organization"},"potentialAction":[{"@type":"SearchAction","target":{"@type":"EntryPoint","urlTemplate":"http:\/\/ferrocanor.com\/?s={search_term_string}"},"query-input":"required name=search_term_string"}],"inLanguage":"es-ES"},{"@type":"Organization","@id":"http:\/\/ferrocanor.com\/#organization","name":"ferrocanor.com","url":"http:\/\/ferrocanor.com\/","logo":{"@type":"ImageObject","inLanguage":"es-ES","@id":"http:\/\/ferrocanor.com\/#\/schema\/logo\/image\/","url":"https:\/\/ferrocanor.com\/wp-content\/uploads\/2022\/02\/logo-ferrocanor-horizontal-web-01.png","contentUrl":"https:\/\/ferrocanor.com\/wp-content\/uploads\/2022\/02\/logo-ferrocanor-horizontal-web-01.png","width":357,"height":143,"caption":"ferrocanor.com"},"image":{"@id":"http:\/\/ferrocanor.com\/#\/schema\/logo\/image\/"},"sameAs":["https:\/\/www.facebook.com\/Canor-ferro-alumini-i-PVC-171451982903235"]}]}},"_links":{"self":[{"href":"https:\/\/ferrocanor.com\/es\/wp-json\/wp\/v2\/pages\/3161"}],"collection":[{"href":"https:\/\/ferrocanor.com\/es\/wp-json\/wp\/v2\/pages"}],"about":[{"href":"https:\/\/ferrocanor.com\/es\/wp-json\/wp\/v2\/types\/page"}],"author":[{"embeddable":true,"href":"https:\/\/ferrocanor.com\/es\/wp-json\/wp\/v2\/users\/3"}],"replies":[{"embeddable":true,"href":"https:\/\/ferrocanor.com\/es\/wp-json\/wp\/v2\/comments?post=3161"}],"version-history":[{"count":6,"href":"https:\/\/ferrocanor.com\/es\/wp-json\/wp\/v2\/pages\/3161\/revisions"}],"predecessor-version":[{"id":7354,"href":"https:\/\/ferrocanor.com\/es\/wp-json\/wp\/v2\/pages\/3161\/revisions\/7354"}],"up":[{"embeddable":true,"href":"https:\/\/ferrocanor.com\/es\/wp-json\/wp\/v2\/pages\/890"}],"wp:featuredmedia":[{"embeddable":true,"href":"https:\/\/ferrocanor.com\/es\/wp-json\/wp\/v2\/media\/1547"}],"wp:attachment":[{"href":"https:\/\/ferrocanor.com\/es\/wp-json\/wp\/v2\/media?parent=3161"}],"curies":[{"name":"wp","href":"https:\/\/api.w.org\/{rel}","templated":true}]}}