{"id":3259,"date":"2015-05-14T16:28:28","date_gmt":"2015-05-14T14:28:28","guid":{"rendered":"https:\/\/ferrocanor.com\/productos\/sistemas-de-proteccion-solar\/celosies\/"},"modified":"2017-03-18T16:41:09","modified_gmt":"2017-03-18T15:41:09","slug":"celosias","status":"publish","type":"page","link":"https:\/\/ferrocanor.com\/es\/productos\/celosias\/","title":{"rendered":"Celos\u00edas"},"content":{"rendered":"<p><a href=\"https:\/\/ferrocanor.com\/wp-content\/uploads\/2015\/05\/portada-mallorquina.jpg\" data-rel=\"lightbox-image-0\" data-rl_title=\"\" data-rl_caption=\"\" title=\"\"><img loading=\"lazy\" decoding=\"async\" class=\"portada-producte alignnone wp-image-1570 size-full\" src=\"https:\/\/ferrocanor.com\/wp-content\/uploads\/2015\/05\/portada-mallorquina.jpg\" alt=\"mallorquines\" width=\"960\" height=\"324\" srcset=\"https:\/\/ferrocanor.com\/wp-content\/uploads\/2015\/05\/portada-mallorquina.jpg 960w, https:\/\/ferrocanor.com\/wp-content\/uploads\/2015\/05\/portada-mallorquina-300x101.jpg 300w, https:\/\/ferrocanor.com\/wp-content\/uploads\/2015\/05\/portada-mallorquina-250x84.jpg 250w\" sizes=\"(max-width: 960px) 100vw, 960px\" \/><\/a><\/p>\n<h2>Celos\u00edas<\/h2>\n<hr \/>\n<p><strong>Las celos\u00edas<\/strong> son lamas de aluminio las cuales nos proporcionan protecci\u00f3n solar y intimidad pero siempre permitiendo una buena ventilaci\u00f3n.\u00a0Existen infinidad de modelos y dimensiones de lamas seg\u00fan el requerimiento de grado de protecci\u00f3n solar, ventilaci\u00f3n o de dise\u00f1o.<\/p>\n<p>Hay muchas posibilidades de tipos de lamas: pueden ser fijas o m\u00f3viles,\u00a0en forma recta o curva o tipo ala de avi\u00f3n.<\/p>\n<p>En la siguiente galer\u00eda pod\u00e9is ver unos ejemplos de posibles lamas de celos\u00eda.<\/p>\n<hr \/>\n\n\t\t<style type=\"text\/css\">\n\t\t\t#gallery-2 {\n\t\t\t\tmargin: auto;\n\t\t\t}\n\t\t\t#gallery-2 .gallery-item {\n\t\t\t\tfloat: left;\n\t\t\t\tmargin-top: 10px;\n\t\t\t\ttext-align: center;\n\t\t\t\twidth: 25%;\n\t\t\t}\n\t\t\t#gallery-2 img {\n\t\t\t\tborder: 2px solid #cfcfcf;\n\t\t\t}\n\t\t\t#gallery-2 .gallery-caption {\n\t\t\t\tmargin-left: 0;\n\t\t\t}\n\t\t\t\/* see gallery_shortcode() in wp-includes\/media.php *\/\n\t\t<\/style>\n\t\t<div id='gallery-2' class='gallery galleryid-3259 gallery-columns-4 gallery-size-thumbnail'><dl class='gallery-item'>\n\t\t\t<dt class='gallery-icon landscape'>\n\t\t\t\t<a href='https:\/\/ferrocanor.com\/wp-content\/uploads\/2015\/05\/celosia_11.jpg' title=\"\" data-rl_title=\"\" class=\"rl-gallery-link\" data-rl_caption=\"\" data-rel=\"lightbox-gallery-2\"><img loading=\"lazy\" decoding=\"async\" width=\"150\" height=\"150\" src=\"https:\/\/ferrocanor.com\/wp-content\/uploads\/2015\/05\/celosia_11-150x150.jpg\" class=\"attachment-thumbnail size-thumbnail\" alt=\"\" srcset=\"https:\/\/ferrocanor.com\/wp-content\/uploads\/2015\/05\/celosia_11-150x150.jpg 150w, https:\/\/ferrocanor.com\/wp-content\/uploads\/2015\/05\/celosia_11-300x300.jpg 300w, https:\/\/ferrocanor.com\/wp-content\/uploads\/2015\/05\/celosia_11-200x200.jpg 200w, https:\/\/ferrocanor.com\/wp-content\/uploads\/2015\/05\/celosia_11-100x100.jpg 100w, https:\/\/ferrocanor.com\/wp-content\/uploads\/2015\/05\/celosia_11.jpg 748w\" sizes=\"(max-width: 150px) 100vw, 150px\" \/><\/a>\n\t\t\t<\/dt><\/dl><dl class='gallery-item'>\n\t\t\t<dt class='gallery-icon landscape'>\n\t\t\t\t<a href='https:\/\/ferrocanor.com\/wp-content\/uploads\/2015\/05\/celosia_21.jpg' title=\"\" data-rl_title=\"\" class=\"rl-gallery-link\" data-rl_caption=\"\" data-rel=\"lightbox-gallery-2\"><img loading=\"lazy\" decoding=\"async\" width=\"150\" height=\"150\" src=\"https:\/\/ferrocanor.com\/wp-content\/uploads\/2015\/05\/celosia_21-150x150.jpg\" class=\"attachment-thumbnail size-thumbnail\" alt=\"\" srcset=\"https:\/\/ferrocanor.com\/wp-content\/uploads\/2015\/05\/celosia_21-150x150.jpg 150w, https:\/\/ferrocanor.com\/wp-content\/uploads\/2015\/05\/celosia_21-300x300.jpg 300w, https:\/\/ferrocanor.com\/wp-content\/uploads\/2015\/05\/celosia_21-200x200.jpg 200w, https:\/\/ferrocanor.com\/wp-content\/uploads\/2015\/05\/celosia_21-100x100.jpg 100w, https:\/\/ferrocanor.com\/wp-content\/uploads\/2015\/05\/celosia_21.jpg 934w\" sizes=\"(max-width: 150px) 100vw, 150px\" \/><\/a>\n\t\t\t<\/dt><\/dl><dl class='gallery-item'>\n\t\t\t<dt class='gallery-icon landscape'>\n\t\t\t\t<a href='https:\/\/ferrocanor.com\/wp-content\/uploads\/2015\/05\/celosia_61.jpg' title=\"\" data-rl_title=\"\" class=\"rl-gallery-link\" data-rl_caption=\"\" data-rel=\"lightbox-gallery-2\"><img loading=\"lazy\" decoding=\"async\" width=\"150\" height=\"150\" src=\"https:\/\/ferrocanor.com\/wp-content\/uploads\/2015\/05\/celosia_61-150x150.jpg\" class=\"attachment-thumbnail size-thumbnail\" alt=\"\" srcset=\"https:\/\/ferrocanor.com\/wp-content\/uploads\/2015\/05\/celosia_61-150x150.jpg 150w, https:\/\/ferrocanor.com\/wp-content\/uploads\/2015\/05\/celosia_61-300x300.jpg 300w, https:\/\/ferrocanor.com\/wp-content\/uploads\/2015\/05\/celosia_61-200x200.jpg 200w, https:\/\/ferrocanor.com\/wp-content\/uploads\/2015\/05\/celosia_61-100x100.jpg 100w, https:\/\/ferrocanor.com\/wp-content\/uploads\/2015\/05\/celosia_61.jpg 841w\" sizes=\"(max-width: 150px) 100vw, 150px\" \/><\/a>\n\t\t\t<\/dt><\/dl><dl class='gallery-item'>\n\t\t\t<dt class='gallery-icon landscape'>\n\t\t\t\t<a href='https:\/\/ferrocanor.com\/wp-content\/uploads\/2015\/05\/celosia_31.jpg' title=\"\" data-rl_title=\"\" class=\"rl-gallery-link\" data-rl_caption=\"\" data-rel=\"lightbox-gallery-2\"><img loading=\"lazy\" decoding=\"async\" width=\"150\" height=\"150\" src=\"https:\/\/ferrocanor.com\/wp-content\/uploads\/2015\/05\/celosia_31-150x150.jpg\" class=\"attachment-thumbnail size-thumbnail\" alt=\"\" srcset=\"https:\/\/ferrocanor.com\/wp-content\/uploads\/2015\/05\/celosia_31-150x150.jpg 150w, https:\/\/ferrocanor.com\/wp-content\/uploads\/2015\/05\/celosia_31-300x300.jpg 300w, https:\/\/ferrocanor.com\/wp-content\/uploads\/2015\/05\/celosia_31-200x200.jpg 200w, https:\/\/ferrocanor.com\/wp-content\/uploads\/2015\/05\/celosia_31-100x100.jpg 100w, https:\/\/ferrocanor.com\/wp-content\/uploads\/2015\/05\/celosia_31.jpg 934w\" sizes=\"(max-width: 150px) 100vw, 150px\" \/><\/a>\n\t\t\t<\/dt><\/dl><br style=\"clear: both\" \/><dl class='gallery-item'>\n\t\t\t<dt class='gallery-icon landscape'>\n\t\t\t\t<a href='https:\/\/ferrocanor.com\/wp-content\/uploads\/2015\/05\/celosia_41.jpg' title=\"\" data-rl_title=\"\" class=\"rl-gallery-link\" data-rl_caption=\"\" data-rel=\"lightbox-gallery-2\"><img loading=\"lazy\" decoding=\"async\" width=\"150\" height=\"150\" src=\"https:\/\/ferrocanor.com\/wp-content\/uploads\/2015\/05\/celosia_41-150x150.jpg\" class=\"attachment-thumbnail size-thumbnail\" alt=\"\" srcset=\"https:\/\/ferrocanor.com\/wp-content\/uploads\/2015\/05\/celosia_41-150x150.jpg 150w, https:\/\/ferrocanor.com\/wp-content\/uploads\/2015\/05\/celosia_41-300x300.jpg 300w, https:\/\/ferrocanor.com\/wp-content\/uploads\/2015\/05\/celosia_41-200x200.jpg 200w, https:\/\/ferrocanor.com\/wp-content\/uploads\/2015\/05\/celosia_41-100x100.jpg 100w, https:\/\/ferrocanor.com\/wp-content\/uploads\/2015\/05\/celosia_41.jpg 934w\" sizes=\"(max-width: 150px) 100vw, 150px\" \/><\/a>\n\t\t\t<\/dt><\/dl><dl class='gallery-item'>\n\t\t\t<dt class='gallery-icon landscape'>\n\t\t\t\t<a href='https:\/\/ferrocanor.com\/wp-content\/uploads\/2015\/05\/celosia_51.jpg' title=\"\" data-rl_title=\"\" class=\"rl-gallery-link\" data-rl_caption=\"\" data-rel=\"lightbox-gallery-2\"><img loading=\"lazy\" decoding=\"async\" width=\"150\" height=\"150\" src=\"https:\/\/ferrocanor.com\/wp-content\/uploads\/2015\/05\/celosia_51-150x150.jpg\" class=\"attachment-thumbnail size-thumbnail\" alt=\"\" srcset=\"https:\/\/ferrocanor.com\/wp-content\/uploads\/2015\/05\/celosia_51-150x150.jpg 150w, https:\/\/ferrocanor.com\/wp-content\/uploads\/2015\/05\/celosia_51-300x300.jpg 300w, https:\/\/ferrocanor.com\/wp-content\/uploads\/2015\/05\/celosia_51-200x200.jpg 200w, https:\/\/ferrocanor.com\/wp-content\/uploads\/2015\/05\/celosia_51-100x100.jpg 100w, https:\/\/ferrocanor.com\/wp-content\/uploads\/2015\/05\/celosia_51.jpg 934w\" sizes=\"(max-width: 150px) 100vw, 150px\" \/><\/a>\n\t\t\t<\/dt><\/dl>\n\t\t\t<br style='clear: both' \/>\n\t\t<\/div>\n\n","protected":false},"excerpt":{"rendered":"<p>Celos\u00edas Las celos\u00edas son lamas de aluminio las cuales nos proporcionan protecci\u00f3n solar y intimidad pero siempre permitiendo una buena ventilaci\u00f3n.\u00a0Existen infinidad de modelos y dimensiones de lamas seg\u00fan el requerimiento de grado de protecci\u00f3n solar, ventilaci\u00f3n o de dise\u00f1o. Hay muchas posibilidades de tipos de lamas: pueden ser fijas o m\u00f3viles,\u00a0en forma recta o [&hellip;]<\/p>\n","protected":false},"author":3,"featured_media":2380,"parent":317,"menu_order":0,"comment_status":"open","ping_status":"open","template":"","meta":{"_monsterinsights_skip_tracking":false,"_monsterinsights_sitenote_active":false,"_monsterinsights_sitenote_note":"","_monsterinsights_sitenote_category":0,"footnotes":""},"yoast_head":"<!-- This site is optimized with the Yoast SEO plugin v22.9 - https:\/\/yoast.com\/wordpress\/plugins\/seo\/ -->\n<title>Celos\u00edas de aluminio para protecci\u00f3n solar y ventilaci\u00f3n para su hogar<\/title>\n<meta name=\"description\" content=\"Fabricamos e instalamos celos\u00edas de lamas de aluminio con las que disfrutar de protecci\u00f3n solar permitiendo una buena ventilaci\u00f3n para su casa.\" \/>\n<meta name=\"robots\" content=\"index, follow, max-snippet:-1, max-image-preview:large, max-video-preview:-1\" \/>\n<link rel=\"canonical\" href=\"https:\/\/ferrocanor.com\/es\/productos\/celosias\/\" \/>\n<meta property=\"og:locale\" content=\"es_ES\" \/>\n<meta property=\"og:type\" content=\"article\" \/>\n<meta property=\"og:title\" content=\"Celos\u00edas de aluminio para protecci\u00f3n solar y ventilaci\u00f3n para su hogar\" \/>\n<meta property=\"og:description\" content=\"Fabricamos e instalamos celos\u00edas de lamas de aluminio con las que disfrutar de protecci\u00f3n solar permitiendo una buena ventilaci\u00f3n para su casa.\" \/>\n<meta property=\"og:url\" content=\"https:\/\/ferrocanor.com\/es\/productos\/celosias\/\" \/>\n<meta property=\"og:site_name\" content=\"ferrocanor.com\" \/>\n<meta property=\"article:publisher\" content=\"https:\/\/www.facebook.com\/Canor-ferro-alumini-i-PVC-171451982903235\" \/>\n<meta property=\"article:modified_time\" content=\"2017-03-18T15:41:09+00:00\" \/>\n<meta property=\"og:image\" content=\"https:\/\/ferrocanor.com\/wp-content\/uploads\/2015\/05\/celosia_portada2.jpg\" \/>\n\t<meta property=\"og:image:width\" content=\"750\" \/>\n\t<meta property=\"og:image:height\" content=\"750\" \/>\n\t<meta property=\"og:image:type\" content=\"image\/jpeg\" \/>\n<script type=\"application\/ld+json\" class=\"yoast-schema-graph\">{\"@context\":\"https:\/\/schema.org\",\"@graph\":[{\"@type\":\"WebPage\",\"@id\":\"https:\/\/ferrocanor.com\/es\/productos\/celosias\/\",\"url\":\"https:\/\/ferrocanor.com\/es\/productos\/celosias\/\",\"name\":\"Celos\u00edas de aluminio para protecci\u00f3n solar y ventilaci\u00f3n para su hogar\",\"isPartOf\":{\"@id\":\"http:\/\/ferrocanor.com\/#website\"},\"primaryImageOfPage\":{\"@id\":\"https:\/\/ferrocanor.com\/es\/productos\/celosias\/#primaryimage\"},\"image\":{\"@id\":\"https:\/\/ferrocanor.com\/es\/productos\/celosias\/#primaryimage\"},\"thumbnailUrl\":\"https:\/\/ferrocanor.com\/wp-content\/uploads\/2015\/05\/celosia_portada2.jpg\",\"datePublished\":\"2015-05-14T14:28:28+00:00\",\"dateModified\":\"2017-03-18T15:41:09+00:00\",\"description\":\"Fabricamos e instalamos celos\u00edas de lamas de aluminio con las que disfrutar de protecci\u00f3n solar permitiendo una buena ventilaci\u00f3n para su casa.\",\"breadcrumb\":{\"@id\":\"https:\/\/ferrocanor.com\/es\/productos\/celosias\/#breadcrumb\"},\"inLanguage\":\"es-ES\",\"potentialAction\":[{\"@type\":\"ReadAction\",\"target\":[\"https:\/\/ferrocanor.com\/es\/productos\/celosias\/\"]}]},{\"@type\":\"ImageObject\",\"inLanguage\":\"es-ES\",\"@id\":\"https:\/\/ferrocanor.com\/es\/productos\/celosias\/#primaryimage\",\"url\":\"https:\/\/ferrocanor.com\/wp-content\/uploads\/2015\/05\/celosia_portada2.jpg\",\"contentUrl\":\"https:\/\/ferrocanor.com\/wp-content\/uploads\/2015\/05\/celosia_portada2.jpg\",\"width\":750,\"height\":750,\"caption\":\"celos\u00edas\"},{\"@type\":\"BreadcrumbList\",\"@id\":\"https:\/\/ferrocanor.com\/es\/productos\/celosias\/#breadcrumb\",\"itemListElement\":[{\"@type\":\"ListItem\",\"position\":1,\"name\":\"Home\",\"item\":\"http:\/\/ferrocanor.com\/es\/\"},{\"@type\":\"ListItem\",\"position\":2,\"name\":\"Productos\",\"item\":\"http:\/\/ferrocanor.com\/es\/productos\/\"},{\"@type\":\"ListItem\",\"position\":3,\"name\":\"Celos\u00edas\"}]},{\"@type\":\"WebSite\",\"@id\":\"http:\/\/ferrocanor.com\/#website\",\"url\":\"http:\/\/ferrocanor.com\/\",\"name\":\"ferrocanor.com\",\"description\":\"Hierro - Aluminio - PVC\",\"publisher\":{\"@id\":\"http:\/\/ferrocanor.com\/#organization\"},\"potentialAction\":[{\"@type\":\"SearchAction\",\"target\":{\"@type\":\"EntryPoint\",\"urlTemplate\":\"http:\/\/ferrocanor.com\/?s={search_term_string}\"},\"query-input\":\"required name=search_term_string\"}],\"inLanguage\":\"es-ES\"},{\"@type\":\"Organization\",\"@id\":\"http:\/\/ferrocanor.com\/#organization\",\"name\":\"ferrocanor.com\",\"url\":\"http:\/\/ferrocanor.com\/\",\"logo\":{\"@type\":\"ImageObject\",\"inLanguage\":\"es-ES\",\"@id\":\"http:\/\/ferrocanor.com\/#\/schema\/logo\/image\/\",\"url\":\"https:\/\/ferrocanor.com\/wp-content\/uploads\/2022\/02\/logo-ferrocanor-horizontal-web-01.png\",\"contentUrl\":\"https:\/\/ferrocanor.com\/wp-content\/uploads\/2022\/02\/logo-ferrocanor-horizontal-web-01.png\",\"width\":357,\"height\":143,\"caption\":\"ferrocanor.com\"},\"image\":{\"@id\":\"http:\/\/ferrocanor.com\/#\/schema\/logo\/image\/\"},\"sameAs\":[\"https:\/\/www.facebook.com\/Canor-ferro-alumini-i-PVC-171451982903235\"]}]}<\/script>\n<!-- \/ Yoast SEO plugin. -->","yoast_head_json":{"title":"Celos\u00edas de aluminio para protecci\u00f3n solar y ventilaci\u00f3n para su hogar","description":"Fabricamos e instalamos celos\u00edas de lamas de aluminio con las que disfrutar de protecci\u00f3n solar permitiendo una buena ventilaci\u00f3n para su casa.","robots":{"index":"index","follow":"follow","max-snippet":"max-snippet:-1","max-image-preview":"max-image-preview:large","max-video-preview":"max-video-preview:-1"},"canonical":"https:\/\/ferrocanor.com\/es\/productos\/celosias\/","og_locale":"es_ES","og_type":"article","og_title":"Celos\u00edas de aluminio para protecci\u00f3n solar y ventilaci\u00f3n para su hogar","og_description":"Fabricamos e instalamos celos\u00edas de lamas de aluminio con las que disfrutar de protecci\u00f3n solar permitiendo una buena ventilaci\u00f3n para su casa.","og_url":"https:\/\/ferrocanor.com\/es\/productos\/celosias\/","og_site_name":"ferrocanor.com","article_publisher":"https:\/\/www.facebook.com\/Canor-ferro-alumini-i-PVC-171451982903235","article_modified_time":"2017-03-18T15:41:09+00:00","og_image":[{"width":750,"height":750,"url":"https:\/\/ferrocanor.com\/wp-content\/uploads\/2015\/05\/celosia_portada2.jpg","type":"image\/jpeg"}],"schema":{"@context":"https:\/\/schema.org","@graph":[{"@type":"WebPage","@id":"https:\/\/ferrocanor.com\/es\/productos\/celosias\/","url":"https:\/\/ferrocanor.com\/es\/productos\/celosias\/","name":"Celos\u00edas de aluminio para protecci\u00f3n solar y ventilaci\u00f3n para su hogar","isPartOf":{"@id":"http:\/\/ferrocanor.com\/#website"},"primaryImageOfPage":{"@id":"https:\/\/ferrocanor.com\/es\/productos\/celosias\/#primaryimage"},"image":{"@id":"https:\/\/ferrocanor.com\/es\/productos\/celosias\/#primaryimage"},"thumbnailUrl":"https:\/\/ferrocanor.com\/wp-content\/uploads\/2015\/05\/celosia_portada2.jpg","datePublished":"2015-05-14T14:28:28+00:00","dateModified":"2017-03-18T15:41:09+00:00","description":"Fabricamos e instalamos celos\u00edas de lamas de aluminio con las que disfrutar de protecci\u00f3n solar permitiendo una buena ventilaci\u00f3n para su casa.","breadcrumb":{"@id":"https:\/\/ferrocanor.com\/es\/productos\/celosias\/#breadcrumb"},"inLanguage":"es-ES","potentialAction":[{"@type":"ReadAction","target":["https:\/\/ferrocanor.com\/es\/productos\/celosias\/"]}]},{"@type":"ImageObject","inLanguage":"es-ES","@id":"https:\/\/ferrocanor.com\/es\/productos\/celosias\/#primaryimage","url":"https:\/\/ferrocanor.com\/wp-content\/uploads\/2015\/05\/celosia_portada2.jpg","contentUrl":"https:\/\/ferrocanor.com\/wp-content\/uploads\/2015\/05\/celosia_portada2.jpg","width":750,"height":750,"caption":"celos\u00edas"},{"@type":"BreadcrumbList","@id":"https:\/\/ferrocanor.com\/es\/productos\/celosias\/#breadcrumb","itemListElement":[{"@type":"ListItem","position":1,"name":"Home","item":"http:\/\/ferrocanor.com\/es\/"},{"@type":"ListItem","position":2,"name":"Productos","item":"http:\/\/ferrocanor.com\/es\/productos\/"},{"@type":"ListItem","position":3,"name":"Celos\u00edas"}]},{"@type":"WebSite","@id":"http:\/\/ferrocanor.com\/#website","url":"http:\/\/ferrocanor.com\/","name":"ferrocanor.com","description":"Hierro - Aluminio - PVC","publisher":{"@id":"http:\/\/ferrocanor.com\/#organization"},"potentialAction":[{"@type":"SearchAction","target":{"@type":"EntryPoint","urlTemplate":"http:\/\/ferrocanor.com\/?s={search_term_string}"},"query-input":"required name=search_term_string"}],"inLanguage":"es-ES"},{"@type":"Organization","@id":"http:\/\/ferrocanor.com\/#organization","name":"ferrocanor.com","url":"http:\/\/ferrocanor.com\/","logo":{"@type":"ImageObject","inLanguage":"es-ES","@id":"http:\/\/ferrocanor.com\/#\/schema\/logo\/image\/","url":"https:\/\/ferrocanor.com\/wp-content\/uploads\/2022\/02\/logo-ferrocanor-horizontal-web-01.png","contentUrl":"https:\/\/ferrocanor.com\/wp-content\/uploads\/2022\/02\/logo-ferrocanor-horizontal-web-01.png","width":357,"height":143,"caption":"ferrocanor.com"},"image":{"@id":"http:\/\/ferrocanor.com\/#\/schema\/logo\/image\/"},"sameAs":["https:\/\/www.facebook.com\/Canor-ferro-alumini-i-PVC-171451982903235"]}]}},"_links":{"self":[{"href":"https:\/\/ferrocanor.com\/es\/wp-json\/wp\/v2\/pages\/3259"}],"collection":[{"href":"https:\/\/ferrocanor.com\/es\/wp-json\/wp\/v2\/pages"}],"about":[{"href":"https:\/\/ferrocanor.com\/es\/wp-json\/wp\/v2\/types\/page"}],"author":[{"embeddable":true,"href":"https:\/\/ferrocanor.com\/es\/wp-json\/wp\/v2\/users\/3"}],"replies":[{"embeddable":true,"href":"https:\/\/ferrocanor.com\/es\/wp-json\/wp\/v2\/comments?post=3259"}],"version-history":[{"count":10,"href":"https:\/\/ferrocanor.com\/es\/wp-json\/wp\/v2\/pages\/3259\/revisions"}],"predecessor-version":[{"id":7327,"href":"https:\/\/ferrocanor.com\/es\/wp-json\/wp\/v2\/pages\/3259\/revisions\/7327"}],"up":[{"embeddable":true,"href":"https:\/\/ferrocanor.com\/es\/wp-json\/wp\/v2\/pages\/317"}],"wp:featuredmedia":[{"embeddable":true,"href":"https:\/\/ferrocanor.com\/es\/wp-json\/wp\/v2\/media\/2380"}],"wp:attachment":[{"href":"https:\/\/ferrocanor.com\/es\/wp-json\/wp\/v2\/media?parent=3259"}],"curies":[{"name":"wp","href":"https:\/\/api.w.org\/{rel}","templated":true}]}}