{"id":3726,"date":"2015-05-13T17:10:36","date_gmt":"2015-05-13T15:10:36","guid":{"rendered":"https:\/\/ferrocanor.com\/productos\/reixats\/reixats-cegues-amb-panels\/"},"modified":"2017-04-10T16:29:05","modified_gmt":"2017-04-10T14:29:05","slug":"cancelas-ciegas-con-paneles","status":"publish","type":"page","link":"https:\/\/ferrocanor.com\/es\/productos\/cancelas-y-puertas-peatonales\/cancelas-ciegas-con-paneles\/","title":{"rendered":"Cancelas ciegas con paneles"},"content":{"rendered":"<h3>Cancelas ciegas con paneles<\/h3>\n<p>Fabricamos e instalamos cualquier tipo de cancela ya sean abatibles o correderas,\u00a0en curva, forja, decoradas, aluminio y modernas. Una posibilidad son las <strong>cancelas ciegas con paneles<\/strong>, que son un tipo de cancelas fabricadas con marco de hierro y paneles de 40 mm de grosor que pueden tener un dise\u00f1o de l\u00edneas horizontales o de cuarterones. Otra posibilidad para personalizar este tipo de cancelas es que se pueden lacar en cualquier color, siempre al gusto del cliente.<\/p>\n<p>En la siguiente galer\u00eda pod\u00e9is ver unos ejemplos de cancelas ciegas con paneles donde se pueden ver diferentes dise\u00f1os de este tipo de cancelas.<\/p>\n<hr \/>\n\n\t\t<style type=\"text\/css\">\n\t\t\t#gallery-2 {\n\t\t\t\tmargin: auto;\n\t\t\t}\n\t\t\t#gallery-2 .gallery-item {\n\t\t\t\tfloat: left;\n\t\t\t\tmargin-top: 10px;\n\t\t\t\ttext-align: center;\n\t\t\t\twidth: 25%;\n\t\t\t}\n\t\t\t#gallery-2 img {\n\t\t\t\tborder: 2px solid #cfcfcf;\n\t\t\t}\n\t\t\t#gallery-2 .gallery-caption {\n\t\t\t\tmargin-left: 0;\n\t\t\t}\n\t\t\t\/* see gallery_shortcode() in wp-includes\/media.php *\/\n\t\t<\/style>\n\t\t<div id='gallery-2' class='gallery galleryid-3726 gallery-columns-4 gallery-size-thumbnail'><dl class='gallery-item'>\n\t\t\t<dt class='gallery-icon landscape'>\n\t\t\t\t<a href='https:\/\/ferrocanor.com\/wp-content\/uploads\/2015\/05\/porta-de-parcel.la-corredissa-i-peatonal-amb-panels-unicanal-lacat-color-gris31.jpg' title=\"\" data-rl_title=\"\" class=\"rl-gallery-link\" data-rl_caption=\"\" data-rel=\"lightbox-gallery-2\"><img loading=\"lazy\" decoding=\"async\" width=\"150\" height=\"150\" src=\"https:\/\/ferrocanor.com\/wp-content\/uploads\/2015\/05\/porta-de-parcel.la-corredissa-i-peatonal-amb-panels-unicanal-lacat-color-gris31-150x150.jpg\" class=\"attachment-thumbnail size-thumbnail\" alt=\"\" srcset=\"https:\/\/ferrocanor.com\/wp-content\/uploads\/2015\/05\/porta-de-parcel.la-corredissa-i-peatonal-amb-panels-unicanal-lacat-color-gris31-150x150.jpg 150w, https:\/\/ferrocanor.com\/wp-content\/uploads\/2015\/05\/porta-de-parcel.la-corredissa-i-peatonal-amb-panels-unicanal-lacat-color-gris31-100x100.jpg 100w\" sizes=\"(max-width: 150px) 100vw, 150px\" \/><\/a>\n\t\t\t<\/dt><\/dl><dl class='gallery-item'>\n\t\t\t<dt class='gallery-icon landscape'>\n\t\t\t\t<a href='https:\/\/ferrocanor.com\/wp-content\/uploads\/2015\/05\/porta-de-parcel.la-corredissa-amb-panels-unicanal-lacat-cololr-gris71.jpg' title=\"\" data-rl_title=\"\" class=\"rl-gallery-link\" data-rl_caption=\"\" data-rel=\"lightbox-gallery-2\"><img loading=\"lazy\" decoding=\"async\" width=\"150\" height=\"150\" src=\"https:\/\/ferrocanor.com\/wp-content\/uploads\/2015\/05\/porta-de-parcel.la-corredissa-amb-panels-unicanal-lacat-cololr-gris71-150x150.jpg\" class=\"attachment-thumbnail size-thumbnail\" alt=\"\" srcset=\"https:\/\/ferrocanor.com\/wp-content\/uploads\/2015\/05\/porta-de-parcel.la-corredissa-amb-panels-unicanal-lacat-cololr-gris71-150x150.jpg 150w, https:\/\/ferrocanor.com\/wp-content\/uploads\/2015\/05\/porta-de-parcel.la-corredissa-amb-panels-unicanal-lacat-cololr-gris71-100x100.jpg 100w\" sizes=\"(max-width: 150px) 100vw, 150px\" \/><\/a>\n\t\t\t<\/dt><\/dl><dl class='gallery-item'>\n\t\t\t<dt class='gallery-icon landscape'>\n\t\t\t\t<a href='https:\/\/ferrocanor.com\/wp-content\/uploads\/2015\/05\/porta-de-parcel.la-abatible-amb-panels-unicanal-lacat-color-gris21.jpg' title=\"\" data-rl_title=\"\" class=\"rl-gallery-link\" data-rl_caption=\"\" data-rel=\"lightbox-gallery-2\"><img loading=\"lazy\" decoding=\"async\" width=\"150\" height=\"150\" src=\"https:\/\/ferrocanor.com\/wp-content\/uploads\/2015\/05\/porta-de-parcel.la-abatible-amb-panels-unicanal-lacat-color-gris21-150x150.jpg\" class=\"attachment-thumbnail size-thumbnail\" alt=\"\" srcset=\"https:\/\/ferrocanor.com\/wp-content\/uploads\/2015\/05\/porta-de-parcel.la-abatible-amb-panels-unicanal-lacat-color-gris21-150x150.jpg 150w, https:\/\/ferrocanor.com\/wp-content\/uploads\/2015\/05\/porta-de-parcel.la-abatible-amb-panels-unicanal-lacat-color-gris21-100x100.jpg 100w\" sizes=\"(max-width: 150px) 100vw, 150px\" \/><\/a>\n\t\t\t<\/dt><\/dl><dl class='gallery-item'>\n\t\t\t<dt class='gallery-icon landscape'>\n\t\t\t\t<a href='https:\/\/ferrocanor.com\/wp-content\/uploads\/2015\/05\/cancela_ciega_paneles_11.jpg' title=\"\" data-rl_title=\"\" class=\"rl-gallery-link\" data-rl_caption=\"\" data-rel=\"lightbox-gallery-2\"><img loading=\"lazy\" decoding=\"async\" width=\"150\" height=\"150\" src=\"https:\/\/ferrocanor.com\/wp-content\/uploads\/2015\/05\/cancela_ciega_paneles_11-150x150.jpg\" class=\"attachment-thumbnail size-thumbnail\" alt=\"\" srcset=\"https:\/\/ferrocanor.com\/wp-content\/uploads\/2015\/05\/cancela_ciega_paneles_11-150x150.jpg 150w, https:\/\/ferrocanor.com\/wp-content\/uploads\/2015\/05\/cancela_ciega_paneles_11-100x100.jpg 100w\" sizes=\"(max-width: 150px) 100vw, 150px\" \/><\/a>\n\t\t\t<\/dt><\/dl><br style=\"clear: both\" \/><dl class='gallery-item'>\n\t\t\t<dt class='gallery-icon landscape'>\n\t\t\t\t<a href='https:\/\/ferrocanor.com\/wp-content\/uploads\/2015\/05\/cancela_ciega_paneles_21.jpg' title=\"\" data-rl_title=\"\" class=\"rl-gallery-link\" data-rl_caption=\"\" data-rel=\"lightbox-gallery-2\"><img loading=\"lazy\" decoding=\"async\" width=\"150\" height=\"150\" src=\"https:\/\/ferrocanor.com\/wp-content\/uploads\/2015\/05\/cancela_ciega_paneles_21-150x150.jpg\" class=\"attachment-thumbnail size-thumbnail\" alt=\"\" srcset=\"https:\/\/ferrocanor.com\/wp-content\/uploads\/2015\/05\/cancela_ciega_paneles_21-150x150.jpg 150w, https:\/\/ferrocanor.com\/wp-content\/uploads\/2015\/05\/cancela_ciega_paneles_21-100x100.jpg 100w\" sizes=\"(max-width: 150px) 100vw, 150px\" \/><\/a>\n\t\t\t<\/dt><\/dl>\n\t\t\t<br style='clear: both' \/>\n\t\t<\/div>\n\n","protected":false},"excerpt":{"rendered":"<p>Cancelas ciegas con paneles Fabricamos e instalamos cualquier tipo de cancela ya sean abatibles o correderas,\u00a0en curva, forja, decoradas, aluminio y modernas. Una posibilidad son las cancelas ciegas con paneles, que son un tipo de cancelas fabricadas con marco de hierro y paneles de 40 mm de grosor que pueden tener un dise\u00f1o de l\u00edneas [&hellip;]<\/p>\n","protected":false},"author":3,"featured_media":5298,"parent":646,"menu_order":0,"comment_status":"open","ping_status":"open","template":"","meta":{"_monsterinsights_skip_tracking":false,"_monsterinsights_sitenote_active":false,"_monsterinsights_sitenote_note":"","_monsterinsights_sitenote_category":0,"footnotes":""},"yoast_head":"<!-- This site is optimized with the Yoast SEO plugin v22.9 - https:\/\/yoast.com\/wordpress\/plugins\/seo\/ -->\n<title>Cancelas ciegas con paneles personalizadas<\/title>\n<meta name=\"description\" content=\"Fabricamos e instalamos cancelas ciegas con paneles con marco de hierro y paneles con dise\u00f1o de l\u00edneas horizontales o cuarterones.\" \/>\n<meta name=\"robots\" content=\"index, follow, max-snippet:-1, max-image-preview:large, max-video-preview:-1\" \/>\n<link rel=\"canonical\" href=\"https:\/\/ferrocanor.com\/es\/productos\/cancelas-y-puertas-peatonales\/cancelas-ciegas-con-paneles\/\" \/>\n<meta property=\"og:locale\" content=\"es_ES\" \/>\n<meta property=\"og:type\" content=\"article\" \/>\n<meta property=\"og:title\" content=\"Cancelas ciegas con paneles personalizadas\" \/>\n<meta property=\"og:description\" content=\"Fabricamos e instalamos cancelas ciegas con paneles con marco de hierro y paneles con dise\u00f1o de l\u00edneas horizontales o cuarterones.\" \/>\n<meta property=\"og:url\" content=\"https:\/\/ferrocanor.com\/es\/productos\/cancelas-y-puertas-peatonales\/cancelas-ciegas-con-paneles\/\" \/>\n<meta property=\"og:site_name\" content=\"ferrocanor.com\" \/>\n<meta property=\"article:publisher\" content=\"https:\/\/www.facebook.com\/Canor-ferro-alumini-i-PVC-171451982903235\" \/>\n<meta property=\"article:modified_time\" content=\"2017-04-10T14:29:05+00:00\" \/>\n<meta property=\"og:image\" content=\"https:\/\/ferrocanor.com\/wp-content\/uploads\/2015\/05\/porta-de-parcel.la-corredissa-i-peatonal-amb-panels-unicanal-lacat-color-gris3.jpg\" \/>\n\t<meta property=\"og:image:width\" content=\"1000\" \/>\n\t<meta property=\"og:image:height\" content=\"750\" \/>\n\t<meta property=\"og:image:type\" content=\"image\/jpeg\" \/>\n<meta name=\"twitter:label1\" content=\"Est. reading time\" \/>\n\t<meta name=\"twitter:data1\" content=\"1 minute\" \/>\n<script type=\"application\/ld+json\" class=\"yoast-schema-graph\">{\"@context\":\"https:\/\/schema.org\",\"@graph\":[{\"@type\":\"WebPage\",\"@id\":\"https:\/\/ferrocanor.com\/es\/productos\/cancelas-y-puertas-peatonales\/cancelas-ciegas-con-paneles\/\",\"url\":\"https:\/\/ferrocanor.com\/es\/productos\/cancelas-y-puertas-peatonales\/cancelas-ciegas-con-paneles\/\",\"name\":\"Cancelas ciegas con paneles personalizadas\",\"isPartOf\":{\"@id\":\"http:\/\/ferrocanor.com\/#website\"},\"primaryImageOfPage\":{\"@id\":\"https:\/\/ferrocanor.com\/es\/productos\/cancelas-y-puertas-peatonales\/cancelas-ciegas-con-paneles\/#primaryimage\"},\"image\":{\"@id\":\"https:\/\/ferrocanor.com\/es\/productos\/cancelas-y-puertas-peatonales\/cancelas-ciegas-con-paneles\/#primaryimage\"},\"thumbnailUrl\":\"https:\/\/ferrocanor.com\/wp-content\/uploads\/2015\/05\/porta-de-parcel.la-corredissa-i-peatonal-amb-panels-unicanal-lacat-color-gris3.jpg\",\"datePublished\":\"2015-05-13T15:10:36+00:00\",\"dateModified\":\"2017-04-10T14:29:05+00:00\",\"description\":\"Fabricamos e instalamos cancelas ciegas con paneles con marco de hierro y paneles con dise\u00f1o de l\u00edneas horizontales o cuarterones.\",\"breadcrumb\":{\"@id\":\"https:\/\/ferrocanor.com\/es\/productos\/cancelas-y-puertas-peatonales\/cancelas-ciegas-con-paneles\/#breadcrumb\"},\"inLanguage\":\"es-ES\",\"potentialAction\":[{\"@type\":\"ReadAction\",\"target\":[\"https:\/\/ferrocanor.com\/es\/productos\/cancelas-y-puertas-peatonales\/cancelas-ciegas-con-paneles\/\"]}]},{\"@type\":\"ImageObject\",\"inLanguage\":\"es-ES\",\"@id\":\"https:\/\/ferrocanor.com\/es\/productos\/cancelas-y-puertas-peatonales\/cancelas-ciegas-con-paneles\/#primaryimage\",\"url\":\"https:\/\/ferrocanor.com\/wp-content\/uploads\/2015\/05\/porta-de-parcel.la-corredissa-i-peatonal-amb-panels-unicanal-lacat-color-gris3.jpg\",\"contentUrl\":\"https:\/\/ferrocanor.com\/wp-content\/uploads\/2015\/05\/porta-de-parcel.la-corredissa-i-peatonal-amb-panels-unicanal-lacat-color-gris3.jpg\",\"width\":1000,\"height\":750,\"caption\":\"cancelas ciegas con paneles\"},{\"@type\":\"BreadcrumbList\",\"@id\":\"https:\/\/ferrocanor.com\/es\/productos\/cancelas-y-puertas-peatonales\/cancelas-ciegas-con-paneles\/#breadcrumb\",\"itemListElement\":[{\"@type\":\"ListItem\",\"position\":1,\"name\":\"Home\",\"item\":\"http:\/\/ferrocanor.com\/es\/\"},{\"@type\":\"ListItem\",\"position\":2,\"name\":\"Productos\",\"item\":\"http:\/\/ferrocanor.com\/es\/productos\/\"},{\"@type\":\"ListItem\",\"position\":3,\"name\":\"Cancelas y puertas peatonales\",\"item\":\"https:\/\/ferrocanor.com\/es\/productos\/cancelas-y-puertas-peatonales\/\"},{\"@type\":\"ListItem\",\"position\":4,\"name\":\"Cancelas ciegas con paneles\"}]},{\"@type\":\"WebSite\",\"@id\":\"http:\/\/ferrocanor.com\/#website\",\"url\":\"http:\/\/ferrocanor.com\/\",\"name\":\"ferrocanor.com\",\"description\":\"Hierro - Aluminio - PVC\",\"publisher\":{\"@id\":\"http:\/\/ferrocanor.com\/#organization\"},\"potentialAction\":[{\"@type\":\"SearchAction\",\"target\":{\"@type\":\"EntryPoint\",\"urlTemplate\":\"http:\/\/ferrocanor.com\/?s={search_term_string}\"},\"query-input\":\"required name=search_term_string\"}],\"inLanguage\":\"es-ES\"},{\"@type\":\"Organization\",\"@id\":\"http:\/\/ferrocanor.com\/#organization\",\"name\":\"ferrocanor.com\",\"url\":\"http:\/\/ferrocanor.com\/\",\"logo\":{\"@type\":\"ImageObject\",\"inLanguage\":\"es-ES\",\"@id\":\"http:\/\/ferrocanor.com\/#\/schema\/logo\/image\/\",\"url\":\"https:\/\/ferrocanor.com\/wp-content\/uploads\/2022\/02\/logo-ferrocanor-horizontal-web-01.png\",\"contentUrl\":\"https:\/\/ferrocanor.com\/wp-content\/uploads\/2022\/02\/logo-ferrocanor-horizontal-web-01.png\",\"width\":357,\"height\":143,\"caption\":\"ferrocanor.com\"},\"image\":{\"@id\":\"http:\/\/ferrocanor.com\/#\/schema\/logo\/image\/\"},\"sameAs\":[\"https:\/\/www.facebook.com\/Canor-ferro-alumini-i-PVC-171451982903235\"]}]}<\/script>\n<!-- \/ Yoast SEO plugin. -->","yoast_head_json":{"title":"Cancelas ciegas con paneles personalizadas","description":"Fabricamos e instalamos cancelas ciegas con paneles con marco de hierro y paneles con dise\u00f1o de l\u00edneas horizontales o cuarterones.","robots":{"index":"index","follow":"follow","max-snippet":"max-snippet:-1","max-image-preview":"max-image-preview:large","max-video-preview":"max-video-preview:-1"},"canonical":"https:\/\/ferrocanor.com\/es\/productos\/cancelas-y-puertas-peatonales\/cancelas-ciegas-con-paneles\/","og_locale":"es_ES","og_type":"article","og_title":"Cancelas ciegas con paneles personalizadas","og_description":"Fabricamos e instalamos cancelas ciegas con paneles con marco de hierro y paneles con dise\u00f1o de l\u00edneas horizontales o cuarterones.","og_url":"https:\/\/ferrocanor.com\/es\/productos\/cancelas-y-puertas-peatonales\/cancelas-ciegas-con-paneles\/","og_site_name":"ferrocanor.com","article_publisher":"https:\/\/www.facebook.com\/Canor-ferro-alumini-i-PVC-171451982903235","article_modified_time":"2017-04-10T14:29:05+00:00","og_image":[{"width":1000,"height":750,"url":"https:\/\/ferrocanor.com\/wp-content\/uploads\/2015\/05\/porta-de-parcel.la-corredissa-i-peatonal-amb-panels-unicanal-lacat-color-gris3.jpg","type":"image\/jpeg"}],"twitter_misc":{"Est. reading time":"1 minute"},"schema":{"@context":"https:\/\/schema.org","@graph":[{"@type":"WebPage","@id":"https:\/\/ferrocanor.com\/es\/productos\/cancelas-y-puertas-peatonales\/cancelas-ciegas-con-paneles\/","url":"https:\/\/ferrocanor.com\/es\/productos\/cancelas-y-puertas-peatonales\/cancelas-ciegas-con-paneles\/","name":"Cancelas ciegas con paneles personalizadas","isPartOf":{"@id":"http:\/\/ferrocanor.com\/#website"},"primaryImageOfPage":{"@id":"https:\/\/ferrocanor.com\/es\/productos\/cancelas-y-puertas-peatonales\/cancelas-ciegas-con-paneles\/#primaryimage"},"image":{"@id":"https:\/\/ferrocanor.com\/es\/productos\/cancelas-y-puertas-peatonales\/cancelas-ciegas-con-paneles\/#primaryimage"},"thumbnailUrl":"https:\/\/ferrocanor.com\/wp-content\/uploads\/2015\/05\/porta-de-parcel.la-corredissa-i-peatonal-amb-panels-unicanal-lacat-color-gris3.jpg","datePublished":"2015-05-13T15:10:36+00:00","dateModified":"2017-04-10T14:29:05+00:00","description":"Fabricamos e instalamos cancelas ciegas con paneles con marco de hierro y paneles con dise\u00f1o de l\u00edneas horizontales o cuarterones.","breadcrumb":{"@id":"https:\/\/ferrocanor.com\/es\/productos\/cancelas-y-puertas-peatonales\/cancelas-ciegas-con-paneles\/#breadcrumb"},"inLanguage":"es-ES","potentialAction":[{"@type":"ReadAction","target":["https:\/\/ferrocanor.com\/es\/productos\/cancelas-y-puertas-peatonales\/cancelas-ciegas-con-paneles\/"]}]},{"@type":"ImageObject","inLanguage":"es-ES","@id":"https:\/\/ferrocanor.com\/es\/productos\/cancelas-y-puertas-peatonales\/cancelas-ciegas-con-paneles\/#primaryimage","url":"https:\/\/ferrocanor.com\/wp-content\/uploads\/2015\/05\/porta-de-parcel.la-corredissa-i-peatonal-amb-panels-unicanal-lacat-color-gris3.jpg","contentUrl":"https:\/\/ferrocanor.com\/wp-content\/uploads\/2015\/05\/porta-de-parcel.la-corredissa-i-peatonal-amb-panels-unicanal-lacat-color-gris3.jpg","width":1000,"height":750,"caption":"cancelas ciegas con paneles"},{"@type":"BreadcrumbList","@id":"https:\/\/ferrocanor.com\/es\/productos\/cancelas-y-puertas-peatonales\/cancelas-ciegas-con-paneles\/#breadcrumb","itemListElement":[{"@type":"ListItem","position":1,"name":"Home","item":"http:\/\/ferrocanor.com\/es\/"},{"@type":"ListItem","position":2,"name":"Productos","item":"http:\/\/ferrocanor.com\/es\/productos\/"},{"@type":"ListItem","position":3,"name":"Cancelas y puertas peatonales","item":"https:\/\/ferrocanor.com\/es\/productos\/cancelas-y-puertas-peatonales\/"},{"@type":"ListItem","position":4,"name":"Cancelas ciegas con paneles"}]},{"@type":"WebSite","@id":"http:\/\/ferrocanor.com\/#website","url":"http:\/\/ferrocanor.com\/","name":"ferrocanor.com","description":"Hierro - Aluminio - PVC","publisher":{"@id":"http:\/\/ferrocanor.com\/#organization"},"potentialAction":[{"@type":"SearchAction","target":{"@type":"EntryPoint","urlTemplate":"http:\/\/ferrocanor.com\/?s={search_term_string}"},"query-input":"required name=search_term_string"}],"inLanguage":"es-ES"},{"@type":"Organization","@id":"http:\/\/ferrocanor.com\/#organization","name":"ferrocanor.com","url":"http:\/\/ferrocanor.com\/","logo":{"@type":"ImageObject","inLanguage":"es-ES","@id":"http:\/\/ferrocanor.com\/#\/schema\/logo\/image\/","url":"https:\/\/ferrocanor.com\/wp-content\/uploads\/2022\/02\/logo-ferrocanor-horizontal-web-01.png","contentUrl":"https:\/\/ferrocanor.com\/wp-content\/uploads\/2022\/02\/logo-ferrocanor-horizontal-web-01.png","width":357,"height":143,"caption":"ferrocanor.com"},"image":{"@id":"http:\/\/ferrocanor.com\/#\/schema\/logo\/image\/"},"sameAs":["https:\/\/www.facebook.com\/Canor-ferro-alumini-i-PVC-171451982903235"]}]}},"_links":{"self":[{"href":"https:\/\/ferrocanor.com\/es\/wp-json\/wp\/v2\/pages\/3726"}],"collection":[{"href":"https:\/\/ferrocanor.com\/es\/wp-json\/wp\/v2\/pages"}],"about":[{"href":"https:\/\/ferrocanor.com\/es\/wp-json\/wp\/v2\/types\/page"}],"author":[{"embeddable":true,"href":"https:\/\/ferrocanor.com\/es\/wp-json\/wp\/v2\/users\/3"}],"replies":[{"embeddable":true,"href":"https:\/\/ferrocanor.com\/es\/wp-json\/wp\/v2\/comments?post=3726"}],"version-history":[{"count":6,"href":"https:\/\/ferrocanor.com\/es\/wp-json\/wp\/v2\/pages\/3726\/revisions"}],"predecessor-version":[{"id":7514,"href":"https:\/\/ferrocanor.com\/es\/wp-json\/wp\/v2\/pages\/3726\/revisions\/7514"}],"up":[{"embeddable":true,"href":"https:\/\/ferrocanor.com\/es\/wp-json\/wp\/v2\/pages\/646"}],"wp:featuredmedia":[{"embeddable":true,"href":"https:\/\/ferrocanor.com\/es\/wp-json\/wp\/v2\/media\/5298"}],"wp:attachment":[{"href":"https:\/\/ferrocanor.com\/es\/wp-json\/wp\/v2\/media?parent=3726"}],"curies":[{"name":"wp","href":"https:\/\/api.w.org\/{rel}","templated":true}]}}