{"id":5121,"date":"2015-06-01T18:54:33","date_gmt":"2015-06-01T16:54:33","guid":{"rendered":"https:\/\/ferrocanor.com\/productes\/puertas-y-ventanas-aluminio\/portes-de-carrer-amb-panel-decoratiu\/"},"modified":"2017-03-18T15:49:44","modified_gmt":"2017-03-18T14:49:44","slug":"puertas-de-calle-panel-decorativo","status":"publish","type":"page","link":"https:\/\/ferrocanor.com\/es\/productos\/ventanas-y-puertas-aluminio\/puertas-de-calle-panel-decorativo\/","title":{"rendered":"Puertas de calle con panel decorativo"},"content":{"rendered":"<p><a href=\"https:\/\/ferrocanor.com\/wp-content\/uploads\/2015\/06\/portada-3-v2.jpg\" data-rel=\"lightbox-image-0\" data-rl_title=\"\" data-rl_caption=\"\" title=\"\"><img loading=\"lazy\" decoding=\"async\" class=\"portada-producte alignnone wp-image-5370 size-full\" src=\"https:\/\/ferrocanor.com\/wp-content\/uploads\/2015\/06\/portada-3-v2.jpg\" alt=\"puertas de calle\" width=\"960\" height=\"324\" srcset=\"https:\/\/ferrocanor.com\/wp-content\/uploads\/2015\/06\/portada-3-v2.jpg 960w, https:\/\/ferrocanor.com\/wp-content\/uploads\/2015\/06\/portada-3-v2-300x101.jpg 300w, https:\/\/ferrocanor.com\/wp-content\/uploads\/2015\/06\/portada-3-v2-250x84.jpg 250w\" sizes=\"(max-width: 960px) 100vw, 960px\" \/><\/a><\/p>\n<h2>Puertas de calle con panel decorativo<\/h2>\n<hr \/>\n<p>La entrada principal lo puede decir todo sobre su casa,\u00a0por eso fabricamos puertas de calle con y sin rotura t\u00e9rmica con un sinf\u00edn de modelos de paneles a elegir para que el estilo de su casa sea \u00fanico.<br \/>\nLos paneles decorativos est\u00e1n compuestos por\u00a0 una chapa aluminio de 1mm + un tablero de madera contrachapado + 1 chapa aluminio de 1mm,\u00a0siendo el grosor total habitual de 20mm pudiendo llegar a 30mm dependiendo del perfil de aluminio elegido.<br \/>\nOpci\u00f3n: intercalar otra chapa de aluminio en el centro<br \/>\nColores: blanco,\u00a0plata, bronce, imitaci\u00f3n acero inox, colores RAL, y una extensa gama de imitaciones madera.<br \/>\nLos paneles decorativos se diferencian en 4 tipos:<\/p>\n<ul>\n<li>Paneles con moldura<\/li>\n<li>Paneles ranurados<\/li>\n<li>Paneles serie machihembrada<\/li>\n<li>Paneles modernos<\/li>\n<li>Accesorios<\/li>\n<\/ul>\n<p>Ver\u00a0<a href=\"https:\/\/ferrocanor.com\/wp-content\/uploads\/2015\/07\/CAT\u00c1LOGO-puertas-de-calle.pdf\" target=\"_blank\">CAT\u00c1LOGO puertas de calle<\/a><\/p>\n<hr \/>\n<p>&nbsp;<\/p>\n","protected":false},"excerpt":{"rendered":"<p>Puertas de calle con panel decorativo La entrada principal lo puede decir todo sobre su casa,\u00a0por eso fabricamos puertas de calle con y sin rotura t\u00e9rmica con un sinf\u00edn de modelos de paneles a elegir para que el estilo de su casa sea \u00fanico. Los paneles decorativos est\u00e1n compuestos por\u00a0 una chapa aluminio de 1mm [&hellip;]<\/p>\n","protected":false},"author":3,"featured_media":0,"parent":4816,"menu_order":0,"comment_status":"open","ping_status":"open","template":"","meta":{"_monsterinsights_skip_tracking":false,"_monsterinsights_sitenote_active":false,"_monsterinsights_sitenote_note":"","_monsterinsights_sitenote_category":0,"footnotes":""},"yoast_head":"<!-- This site is optimized with the Yoast SEO plugin v22.9 - https:\/\/yoast.com\/wordpress\/plugins\/seo\/ -->\n<title>Puertas de calle con paneles decorativos<\/title>\n<meta name=\"description\" content=\"Fabricamos puertas de calle con y sin rotura t\u00e9rmica con un sinf\u00edn de modelos de paneles a elegir y as\u00ed nos adaptamos a las necesidades del cliente.\" \/>\n<meta name=\"robots\" content=\"index, follow, max-snippet:-1, max-image-preview:large, max-video-preview:-1\" \/>\n<link rel=\"canonical\" href=\"https:\/\/ferrocanor.com\/es\/productos\/ventanas-y-puertas-aluminio\/puertas-de-calle-panel-decorativo\/\" \/>\n<meta property=\"og:locale\" content=\"es_ES\" \/>\n<meta property=\"og:type\" content=\"article\" \/>\n<meta property=\"og:title\" content=\"Puertas de calle con paneles decorativos\" \/>\n<meta property=\"og:description\" content=\"Fabricamos puertas de calle con y sin rotura t\u00e9rmica con un sinf\u00edn de modelos de paneles a elegir y as\u00ed nos adaptamos a las necesidades del cliente.\" \/>\n<meta property=\"og:url\" content=\"https:\/\/ferrocanor.com\/es\/productos\/ventanas-y-puertas-aluminio\/puertas-de-calle-panel-decorativo\/\" \/>\n<meta property=\"og:site_name\" content=\"ferrocanor.com\" \/>\n<meta property=\"article:publisher\" content=\"https:\/\/www.facebook.com\/Canor-ferro-alumini-i-PVC-171451982903235\" \/>\n<meta property=\"article:modified_time\" content=\"2017-03-18T14:49:44+00:00\" \/>\n<meta property=\"og:image\" content=\"https:\/\/ferrocanor.com\/wp-content\/uploads\/2015\/06\/portada-3-v2.jpg\" \/>\n<meta name=\"twitter:label1\" content=\"Est. reading time\" \/>\n\t<meta name=\"twitter:data1\" content=\"1 minute\" \/>\n<script type=\"application\/ld+json\" class=\"yoast-schema-graph\">{\"@context\":\"https:\/\/schema.org\",\"@graph\":[{\"@type\":\"WebPage\",\"@id\":\"https:\/\/ferrocanor.com\/es\/productos\/ventanas-y-puertas-aluminio\/puertas-de-calle-panel-decorativo\/\",\"url\":\"https:\/\/ferrocanor.com\/es\/productos\/ventanas-y-puertas-aluminio\/puertas-de-calle-panel-decorativo\/\",\"name\":\"Puertas de calle con paneles decorativos\",\"isPartOf\":{\"@id\":\"http:\/\/ferrocanor.com\/#website\"},\"primaryImageOfPage\":{\"@id\":\"https:\/\/ferrocanor.com\/es\/productos\/ventanas-y-puertas-aluminio\/puertas-de-calle-panel-decorativo\/#primaryimage\"},\"image\":{\"@id\":\"https:\/\/ferrocanor.com\/es\/productos\/ventanas-y-puertas-aluminio\/puertas-de-calle-panel-decorativo\/#primaryimage\"},\"thumbnailUrl\":\"https:\/\/ferrocanor.com\/wp-content\/uploads\/2015\/06\/portada-3-v2.jpg\",\"datePublished\":\"2015-06-01T16:54:33+00:00\",\"dateModified\":\"2017-03-18T14:49:44+00:00\",\"description\":\"Fabricamos puertas de calle con y sin rotura t\u00e9rmica con un sinf\u00edn de modelos de paneles a elegir y as\u00ed nos adaptamos a las necesidades del cliente.\",\"breadcrumb\":{\"@id\":\"https:\/\/ferrocanor.com\/es\/productos\/ventanas-y-puertas-aluminio\/puertas-de-calle-panel-decorativo\/#breadcrumb\"},\"inLanguage\":\"es-ES\",\"potentialAction\":[{\"@type\":\"ReadAction\",\"target\":[\"https:\/\/ferrocanor.com\/es\/productos\/ventanas-y-puertas-aluminio\/puertas-de-calle-panel-decorativo\/\"]}]},{\"@type\":\"ImageObject\",\"inLanguage\":\"es-ES\",\"@id\":\"https:\/\/ferrocanor.com\/es\/productos\/ventanas-y-puertas-aluminio\/puertas-de-calle-panel-decorativo\/#primaryimage\",\"url\":\"https:\/\/ferrocanor.com\/wp-content\/uploads\/2015\/06\/portada-3-v2.jpg\",\"contentUrl\":\"https:\/\/ferrocanor.com\/wp-content\/uploads\/2015\/06\/portada-3-v2.jpg\"},{\"@type\":\"BreadcrumbList\",\"@id\":\"https:\/\/ferrocanor.com\/es\/productos\/ventanas-y-puertas-aluminio\/puertas-de-calle-panel-decorativo\/#breadcrumb\",\"itemListElement\":[{\"@type\":\"ListItem\",\"position\":1,\"name\":\"Home\",\"item\":\"http:\/\/ferrocanor.com\/es\/\"},{\"@type\":\"ListItem\",\"position\":2,\"name\":\"Productos\",\"item\":\"http:\/\/ferrocanor.com\/es\/productos\/\"},{\"@type\":\"ListItem\",\"position\":3,\"name\":\"Ventanas y puertas de aluminio\",\"item\":\"https:\/\/ferrocanor.com\/es\/productos\/ventanas-y-puertas-aluminio\/\"},{\"@type\":\"ListItem\",\"position\":4,\"name\":\"Puertas de calle con panel decorativo\"}]},{\"@type\":\"WebSite\",\"@id\":\"http:\/\/ferrocanor.com\/#website\",\"url\":\"http:\/\/ferrocanor.com\/\",\"name\":\"ferrocanor.com\",\"description\":\"Hierro - Aluminio - PVC\",\"publisher\":{\"@id\":\"http:\/\/ferrocanor.com\/#organization\"},\"potentialAction\":[{\"@type\":\"SearchAction\",\"target\":{\"@type\":\"EntryPoint\",\"urlTemplate\":\"http:\/\/ferrocanor.com\/?s={search_term_string}\"},\"query-input\":\"required name=search_term_string\"}],\"inLanguage\":\"es-ES\"},{\"@type\":\"Organization\",\"@id\":\"http:\/\/ferrocanor.com\/#organization\",\"name\":\"ferrocanor.com\",\"url\":\"http:\/\/ferrocanor.com\/\",\"logo\":{\"@type\":\"ImageObject\",\"inLanguage\":\"es-ES\",\"@id\":\"http:\/\/ferrocanor.com\/#\/schema\/logo\/image\/\",\"url\":\"https:\/\/ferrocanor.com\/wp-content\/uploads\/2022\/02\/logo-ferrocanor-horizontal-web-01.png\",\"contentUrl\":\"https:\/\/ferrocanor.com\/wp-content\/uploads\/2022\/02\/logo-ferrocanor-horizontal-web-01.png\",\"width\":357,\"height\":143,\"caption\":\"ferrocanor.com\"},\"image\":{\"@id\":\"http:\/\/ferrocanor.com\/#\/schema\/logo\/image\/\"},\"sameAs\":[\"https:\/\/www.facebook.com\/Canor-ferro-alumini-i-PVC-171451982903235\"]}]}<\/script>\n<!-- \/ Yoast SEO plugin. -->","yoast_head_json":{"title":"Puertas de calle con paneles decorativos","description":"Fabricamos puertas de calle con y sin rotura t\u00e9rmica con un sinf\u00edn de modelos de paneles a elegir y as\u00ed nos adaptamos a las necesidades del cliente.","robots":{"index":"index","follow":"follow","max-snippet":"max-snippet:-1","max-image-preview":"max-image-preview:large","max-video-preview":"max-video-preview:-1"},"canonical":"https:\/\/ferrocanor.com\/es\/productos\/ventanas-y-puertas-aluminio\/puertas-de-calle-panel-decorativo\/","og_locale":"es_ES","og_type":"article","og_title":"Puertas de calle con paneles decorativos","og_description":"Fabricamos puertas de calle con y sin rotura t\u00e9rmica con un sinf\u00edn de modelos de paneles a elegir y as\u00ed nos adaptamos a las necesidades del cliente.","og_url":"https:\/\/ferrocanor.com\/es\/productos\/ventanas-y-puertas-aluminio\/puertas-de-calle-panel-decorativo\/","og_site_name":"ferrocanor.com","article_publisher":"https:\/\/www.facebook.com\/Canor-ferro-alumini-i-PVC-171451982903235","article_modified_time":"2017-03-18T14:49:44+00:00","og_image":[{"url":"https:\/\/ferrocanor.com\/wp-content\/uploads\/2015\/06\/portada-3-v2.jpg"}],"twitter_misc":{"Est. reading time":"1 minute"},"schema":{"@context":"https:\/\/schema.org","@graph":[{"@type":"WebPage","@id":"https:\/\/ferrocanor.com\/es\/productos\/ventanas-y-puertas-aluminio\/puertas-de-calle-panel-decorativo\/","url":"https:\/\/ferrocanor.com\/es\/productos\/ventanas-y-puertas-aluminio\/puertas-de-calle-panel-decorativo\/","name":"Puertas de calle con paneles decorativos","isPartOf":{"@id":"http:\/\/ferrocanor.com\/#website"},"primaryImageOfPage":{"@id":"https:\/\/ferrocanor.com\/es\/productos\/ventanas-y-puertas-aluminio\/puertas-de-calle-panel-decorativo\/#primaryimage"},"image":{"@id":"https:\/\/ferrocanor.com\/es\/productos\/ventanas-y-puertas-aluminio\/puertas-de-calle-panel-decorativo\/#primaryimage"},"thumbnailUrl":"https:\/\/ferrocanor.com\/wp-content\/uploads\/2015\/06\/portada-3-v2.jpg","datePublished":"2015-06-01T16:54:33+00:00","dateModified":"2017-03-18T14:49:44+00:00","description":"Fabricamos puertas de calle con y sin rotura t\u00e9rmica con un sinf\u00edn de modelos de paneles a elegir y as\u00ed nos adaptamos a las necesidades del cliente.","breadcrumb":{"@id":"https:\/\/ferrocanor.com\/es\/productos\/ventanas-y-puertas-aluminio\/puertas-de-calle-panel-decorativo\/#breadcrumb"},"inLanguage":"es-ES","potentialAction":[{"@type":"ReadAction","target":["https:\/\/ferrocanor.com\/es\/productos\/ventanas-y-puertas-aluminio\/puertas-de-calle-panel-decorativo\/"]}]},{"@type":"ImageObject","inLanguage":"es-ES","@id":"https:\/\/ferrocanor.com\/es\/productos\/ventanas-y-puertas-aluminio\/puertas-de-calle-panel-decorativo\/#primaryimage","url":"https:\/\/ferrocanor.com\/wp-content\/uploads\/2015\/06\/portada-3-v2.jpg","contentUrl":"https:\/\/ferrocanor.com\/wp-content\/uploads\/2015\/06\/portada-3-v2.jpg"},{"@type":"BreadcrumbList","@id":"https:\/\/ferrocanor.com\/es\/productos\/ventanas-y-puertas-aluminio\/puertas-de-calle-panel-decorativo\/#breadcrumb","itemListElement":[{"@type":"ListItem","position":1,"name":"Home","item":"http:\/\/ferrocanor.com\/es\/"},{"@type":"ListItem","position":2,"name":"Productos","item":"http:\/\/ferrocanor.com\/es\/productos\/"},{"@type":"ListItem","position":3,"name":"Ventanas y puertas de aluminio","item":"https:\/\/ferrocanor.com\/es\/productos\/ventanas-y-puertas-aluminio\/"},{"@type":"ListItem","position":4,"name":"Puertas de calle con panel decorativo"}]},{"@type":"WebSite","@id":"http:\/\/ferrocanor.com\/#website","url":"http:\/\/ferrocanor.com\/","name":"ferrocanor.com","description":"Hierro - Aluminio - PVC","publisher":{"@id":"http:\/\/ferrocanor.com\/#organization"},"potentialAction":[{"@type":"SearchAction","target":{"@type":"EntryPoint","urlTemplate":"http:\/\/ferrocanor.com\/?s={search_term_string}"},"query-input":"required name=search_term_string"}],"inLanguage":"es-ES"},{"@type":"Organization","@id":"http:\/\/ferrocanor.com\/#organization","name":"ferrocanor.com","url":"http:\/\/ferrocanor.com\/","logo":{"@type":"ImageObject","inLanguage":"es-ES","@id":"http:\/\/ferrocanor.com\/#\/schema\/logo\/image\/","url":"https:\/\/ferrocanor.com\/wp-content\/uploads\/2022\/02\/logo-ferrocanor-horizontal-web-01.png","contentUrl":"https:\/\/ferrocanor.com\/wp-content\/uploads\/2022\/02\/logo-ferrocanor-horizontal-web-01.png","width":357,"height":143,"caption":"ferrocanor.com"},"image":{"@id":"http:\/\/ferrocanor.com\/#\/schema\/logo\/image\/"},"sameAs":["https:\/\/www.facebook.com\/Canor-ferro-alumini-i-PVC-171451982903235"]}]}},"_links":{"self":[{"href":"https:\/\/ferrocanor.com\/es\/wp-json\/wp\/v2\/pages\/5121"}],"collection":[{"href":"https:\/\/ferrocanor.com\/es\/wp-json\/wp\/v2\/pages"}],"about":[{"href":"https:\/\/ferrocanor.com\/es\/wp-json\/wp\/v2\/types\/page"}],"author":[{"embeddable":true,"href":"https:\/\/ferrocanor.com\/es\/wp-json\/wp\/v2\/users\/3"}],"replies":[{"embeddable":true,"href":"https:\/\/ferrocanor.com\/es\/wp-json\/wp\/v2\/comments?post=5121"}],"version-history":[{"count":8,"href":"https:\/\/ferrocanor.com\/es\/wp-json\/wp\/v2\/pages\/5121\/revisions"}],"predecessor-version":[{"id":7290,"href":"https:\/\/ferrocanor.com\/es\/wp-json\/wp\/v2\/pages\/5121\/revisions\/7290"}],"up":[{"embeddable":true,"href":"https:\/\/ferrocanor.com\/es\/wp-json\/wp\/v2\/pages\/4816"}],"wp:attachment":[{"href":"https:\/\/ferrocanor.com\/es\/wp-json\/wp\/v2\/media?parent=5121"}],"curies":[{"name":"wp","href":"https:\/\/api.w.org\/{rel}","templated":true}]}}