{"id":66,"date":"2014-11-01T17:27:04","date_gmt":"2014-11-01T16:27:04","guid":{"rendered":"https:\/\/ferrocanor.com\/inici-2\/"},"modified":"2020-06-07T20:35:19","modified_gmt":"2020-06-07T18:35:19","slug":"inici","status":"publish","type":"page","link":"https:\/\/ferrocanor.com\/es\/","title":{"rendered":"Inicio"},"content":{"rendered":"<p><img loading=\"lazy\" decoding=\"async\" class=\"aligncenter wp-image-8304 size-full\" src=\"https:\/\/ferrocanor.com\/wp-content\/uploads\/2020\/06\/iconos-ferrocanor-01.png\" alt=\"\" width=\"12473\" height=\"2951\" srcset=\"https:\/\/ferrocanor.com\/wp-content\/uploads\/2020\/06\/iconos-ferrocanor-01.png 12473w, https:\/\/ferrocanor.com\/wp-content\/uploads\/2020\/06\/iconos-ferrocanor-01-165x39.png 165w, https:\/\/ferrocanor.com\/wp-content\/uploads\/2020\/06\/iconos-ferrocanor-01-1024x242.png 1024w, https:\/\/ferrocanor.com\/wp-content\/uploads\/2020\/06\/iconos-ferrocanor-01-768x182.png 768w, https:\/\/ferrocanor.com\/wp-content\/uploads\/2020\/06\/iconos-ferrocanor-01-1536x363.png 1536w, https:\/\/ferrocanor.com\/wp-content\/uploads\/2020\/06\/iconos-ferrocanor-01-2048x485.png 2048w, https:\/\/ferrocanor.com\/wp-content\/uploads\/2020\/06\/iconos-ferrocanor-01-300x71.png 300w, https:\/\/ferrocanor.com\/wp-content\/uploads\/2020\/06\/iconos-ferrocanor-01-250x59.png 250w\" sizes=\"(max-width: 12473px) 100vw, 12473px\" \/><\/p>\n<h2>CONFIANZA<\/h2>\n<hr \/>\n<p>Cerrajer\u00eda familiar de hierro y aluminio dedicada al sector desde 1.986.<\/p>\n<p>Todos nuestros a\u00f1os de experiencia nos avalan en la fabricaci\u00f3n y colocaci\u00f3n de todo tipo de cerramientos tanto en aluminio, hierro o PVC,<br \/>\nsiendo nuestros principales productos ventanas y puertas, rejas, forja art\u00edstica, cerramientos acristalados, cubiertas, etc.<\/p>\n<p>Nuestra dilatada trayectoria junto con el compromiso por ofrecer la mejor calidad de materiales y acabados es una garant\u00eda de \u00e9xito.<\/p>\n<h2>ARTICULOS DE INTER\u00c9S<\/h2><hr \/><ul class=\"mini-thumb\"><li class=\"mini-thumb\"> <img loading=\"lazy\" decoding=\"async\" width=\"100\" height=\"100\" src=\"https:\/\/ferrocanor.com\/wp-content\/uploads\/2015\/02\/detalle_doble_cristal-100x100.jpg\" class=\"attachment-mini-thumb size-mini-thumb wp-post-image\" alt=\"\" srcset=\"https:\/\/ferrocanor.com\/wp-content\/uploads\/2015\/02\/detalle_doble_cristal-100x100.jpg 100w, https:\/\/ferrocanor.com\/wp-content\/uploads\/2015\/02\/detalle_doble_cristal-150x150.jpg 150w\" sizes=\"(max-width: 100px) 100vw, 100px\" \/><strong>Ventajas del doble acristalamiento<\/strong>: Poner ventanas con doble acristalamiento cumple una \"funci\u00f3n t\u00e9rmica\", dificulta los intercambios t\u00e9rmicos entre dos ambientes que delimita, aislando del fr\u00edo y del calor. (<a href=\"https:\/\/ferrocanor.com\/es\/blog\/articulos\/ventajas-doble-acristalamiento\/\" >leer m\u00e1s<\/a>) <\/li><li class=\"mini-thumb\"> <img loading=\"lazy\" decoding=\"async\" width=\"100\" height=\"100\" src=\"https:\/\/ferrocanor.com\/wp-content\/uploads\/2015\/02\/detalle_rotura_termica_val-100x100.jpg\" class=\"attachment-mini-thumb size-mini-thumb wp-post-image\" alt=\"\" srcset=\"https:\/\/ferrocanor.com\/wp-content\/uploads\/2015\/02\/detalle_rotura_termica_val-100x100.jpg 100w, https:\/\/ferrocanor.com\/wp-content\/uploads\/2015\/02\/detalle_rotura_termica_val-150x150.jpg 150w\" sizes=\"(max-width: 100px) 100vw, 100px\" \/><strong>La importancia de la rotura t\u00e9rmica<\/strong>: Con la rotura t\u00e9rmica en ventanas y puertas garantizamos la eficiencia energ\u00e9tica, que tiene como objetivo reducir el consumo de energia. (<a href=\"https:\/\/ferrocanor.com\/es\/blog\/articulos\/la-importancia-de-la-rotura-termica\/\" >leer m\u00e1s<\/a>) <\/li><li class=\"mini-thumb\"> <img loading=\"lazy\" decoding=\"async\" width=\"100\" height=\"100\" src=\"https:\/\/ferrocanor.com\/wp-content\/uploads\/2015\/09\/cristal-guardian-sun-3-100x100.jpg\" class=\"attachment-mini-thumb size-mini-thumb wp-post-image\" alt=\"cristal guardian sun\" srcset=\"https:\/\/ferrocanor.com\/wp-content\/uploads\/2015\/09\/cristal-guardian-sun-3-100x100.jpg 100w, https:\/\/ferrocanor.com\/wp-content\/uploads\/2015\/09\/cristal-guardian-sun-3-150x150.jpg 150w\" sizes=\"(max-width: 100px) 100vw, 100px\" \/><strong>Cristal de control solar y bajo emisivo Guardian Sun<\/strong>: El cristal Guardian Sun garantiza una alta transmisi\u00f3n luminosa, un excelente aislamiento t\u00e9rmico y una eficaz protecci\u00f3n contra la radiaci\u00f3n solar. (<a href=\"https:\/\/ferrocanor.com\/es\/blog\/articulos\/cristal-guardian-sun\/\" >leer m\u00e1s<\/a>) <\/li><li class=\"mini-thumb\"> <img loading=\"lazy\" decoding=\"async\" width=\"100\" height=\"100\" src=\"https:\/\/ferrocanor.com\/wp-content\/uploads\/2015\/09\/colores-acabados-hierro-2-100x100.jpg\" class=\"attachment-mini-thumb size-mini-thumb wp-post-image\" alt=\"acabados\" srcset=\"https:\/\/ferrocanor.com\/wp-content\/uploads\/2015\/09\/colores-acabados-hierro-2-100x100.jpg 100w, https:\/\/ferrocanor.com\/wp-content\/uploads\/2015\/09\/colores-acabados-hierro-2-150x150.jpg 150w\" sizes=\"(max-width: 100px) 100vw, 100px\" \/><strong>Acabados<\/strong>: En FERROCANOR ofrecemos una ampl\u00edsima gama de colores y acabados para aluminio, hierro o PVC. Hay tantas posibilidades como gustos tienen las personas. (<a href=\"https:\/\/ferrocanor.com\/es\/blog\/articulos\/acabados\/\" >leer m\u00e1s<\/a>) <\/li><\/ul>\n","protected":false},"excerpt":{"rendered":"<p>En FERROCANOR ofrecemos una\u00a0ampl\u00edsima gama de colores y acabados\u00a0para el aluminio, hierro o PVC. ALUMINIO Podemos darle el acabado que deseemos a cualquier tipo de cerramiento. Anodizado Se consigue un aspecto m\u00e1s atractivo del material y mayor resistencia a la abrasi\u00f3n. Los colores m\u00e1s habituales son el plata, bronce, acero inox y oro. Lacado Con [&hellip;]<\/p>\n","protected":false},"author":2,"featured_media":0,"parent":0,"menu_order":0,"comment_status":"open","ping_status":"open","template":"template-biz.php","meta":{"_monsterinsights_skip_tracking":false,"_monsterinsights_sitenote_active":false,"_monsterinsights_sitenote_note":"","_monsterinsights_sitenote_category":0,"footnotes":""},"yoast_head":"<!-- This site is optimized with the Yoast SEO plugin v22.9 - https:\/\/yoast.com\/wordpress\/plugins\/seo\/ -->\n<title>Inicio - ferrocanor.com<\/title>\n<meta name=\"robots\" content=\"index, follow, max-snippet:-1, max-image-preview:large, max-video-preview:-1\" \/>\n<link rel=\"canonical\" href=\"http:\/\/ferrocanor.com\/es\/\" \/>\n<meta property=\"og:locale\" content=\"es_ES\" \/>\n<meta property=\"og:type\" content=\"article\" \/>\n<meta property=\"og:title\" content=\"Inicio - ferrocanor.com\" \/>\n<meta property=\"og:description\" content=\"En FERROCANOR ofrecemos una\u00a0ampl\u00edsima gama de colores y acabados\u00a0para el aluminio, hierro o PVC. ALUMINIO Podemos darle el acabado que deseemos a cualquier tipo de cerramiento. Anodizado Se consigue un aspecto m\u00e1s atractivo del material y mayor resistencia a la abrasi\u00f3n. Los colores m\u00e1s habituales son el plata, bronce, acero inox y oro. Lacado Con [&hellip;]\" \/>\n<meta property=\"og:url\" content=\"http:\/\/ferrocanor.com\/es\/\" \/>\n<meta property=\"og:site_name\" content=\"ferrocanor.com\" \/>\n<meta property=\"article:publisher\" content=\"https:\/\/www.facebook.com\/Canor-ferro-alumini-i-PVC-171451982903235\" \/>\n<meta property=\"article:modified_time\" content=\"2020-06-07T18:35:19+00:00\" \/>\n<meta property=\"og:image\" content=\"http:\/\/ferrocanor.com\/wp-content\/uploads\/2020\/06\/iconos-ferrocanor-01.png\" \/>\n<script type=\"application\/ld+json\" class=\"yoast-schema-graph\">{\"@context\":\"https:\/\/schema.org\",\"@graph\":[{\"@type\":\"WebPage\",\"@id\":\"http:\/\/ferrocanor.com\/es\/\",\"url\":\"http:\/\/ferrocanor.com\/es\/\",\"name\":\"Inicio - ferrocanor.com\",\"isPartOf\":{\"@id\":\"http:\/\/ferrocanor.com\/#website\"},\"primaryImageOfPage\":{\"@id\":\"http:\/\/ferrocanor.com\/es\/#primaryimage\"},\"image\":{\"@id\":\"http:\/\/ferrocanor.com\/es\/#primaryimage\"},\"thumbnailUrl\":\"https:\/\/ferrocanor.com\/wp-content\/uploads\/2020\/06\/iconos-ferrocanor-01.png\",\"datePublished\":\"2014-11-01T16:27:04+00:00\",\"dateModified\":\"2020-06-07T18:35:19+00:00\",\"breadcrumb\":{\"@id\":\"http:\/\/ferrocanor.com\/es\/#breadcrumb\"},\"inLanguage\":\"es-ES\",\"potentialAction\":[{\"@type\":\"ReadAction\",\"target\":[\"http:\/\/ferrocanor.com\/es\/\"]}]},{\"@type\":\"ImageObject\",\"inLanguage\":\"es-ES\",\"@id\":\"http:\/\/ferrocanor.com\/es\/#primaryimage\",\"url\":\"https:\/\/ferrocanor.com\/wp-content\/uploads\/2020\/06\/iconos-ferrocanor-01.png\",\"contentUrl\":\"https:\/\/ferrocanor.com\/wp-content\/uploads\/2020\/06\/iconos-ferrocanor-01.png\"},{\"@type\":\"BreadcrumbList\",\"@id\":\"http:\/\/ferrocanor.com\/es\/#breadcrumb\",\"itemListElement\":[{\"@type\":\"ListItem\",\"position\":1,\"name\":\"Home\",\"item\":\"http:\/\/ferrocanor.com\/es\/\"},{\"@type\":\"ListItem\",\"position\":2,\"name\":\"Inicio\"}]},{\"@type\":\"WebSite\",\"@id\":\"http:\/\/ferrocanor.com\/#website\",\"url\":\"http:\/\/ferrocanor.com\/\",\"name\":\"ferrocanor.com\",\"description\":\"Hierro - Aluminio - PVC\",\"publisher\":{\"@id\":\"http:\/\/ferrocanor.com\/#organization\"},\"potentialAction\":[{\"@type\":\"SearchAction\",\"target\":{\"@type\":\"EntryPoint\",\"urlTemplate\":\"http:\/\/ferrocanor.com\/?s={search_term_string}\"},\"query-input\":\"required name=search_term_string\"}],\"inLanguage\":\"es-ES\"},{\"@type\":\"Organization\",\"@id\":\"http:\/\/ferrocanor.com\/#organization\",\"name\":\"ferrocanor.com\",\"url\":\"http:\/\/ferrocanor.com\/\",\"logo\":{\"@type\":\"ImageObject\",\"inLanguage\":\"es-ES\",\"@id\":\"http:\/\/ferrocanor.com\/#\/schema\/logo\/image\/\",\"url\":\"https:\/\/ferrocanor.com\/wp-content\/uploads\/2022\/02\/logo-ferrocanor-horizontal-web-01.png\",\"contentUrl\":\"https:\/\/ferrocanor.com\/wp-content\/uploads\/2022\/02\/logo-ferrocanor-horizontal-web-01.png\",\"width\":357,\"height\":143,\"caption\":\"ferrocanor.com\"},\"image\":{\"@id\":\"http:\/\/ferrocanor.com\/#\/schema\/logo\/image\/\"},\"sameAs\":[\"https:\/\/www.facebook.com\/Canor-ferro-alumini-i-PVC-171451982903235\"]}]}<\/script>\n<!-- \/ Yoast SEO plugin. -->","yoast_head_json":{"title":"Inicio - ferrocanor.com","robots":{"index":"index","follow":"follow","max-snippet":"max-snippet:-1","max-image-preview":"max-image-preview:large","max-video-preview":"max-video-preview:-1"},"canonical":"http:\/\/ferrocanor.com\/es\/","og_locale":"es_ES","og_type":"article","og_title":"Inicio - ferrocanor.com","og_description":"En FERROCANOR ofrecemos una\u00a0ampl\u00edsima gama de colores y acabados\u00a0para el aluminio, hierro o PVC. ALUMINIO Podemos darle el acabado que deseemos a cualquier tipo de cerramiento. Anodizado Se consigue un aspecto m\u00e1s atractivo del material y mayor resistencia a la abrasi\u00f3n. Los colores m\u00e1s habituales son el plata, bronce, acero inox y oro. Lacado Con [&hellip;]","og_url":"http:\/\/ferrocanor.com\/es\/","og_site_name":"ferrocanor.com","article_publisher":"https:\/\/www.facebook.com\/Canor-ferro-alumini-i-PVC-171451982903235","article_modified_time":"2020-06-07T18:35:19+00:00","og_image":[{"url":"http:\/\/ferrocanor.com\/wp-content\/uploads\/2020\/06\/iconos-ferrocanor-01.png"}],"schema":{"@context":"https:\/\/schema.org","@graph":[{"@type":"WebPage","@id":"http:\/\/ferrocanor.com\/es\/","url":"http:\/\/ferrocanor.com\/es\/","name":"Inicio - ferrocanor.com","isPartOf":{"@id":"http:\/\/ferrocanor.com\/#website"},"primaryImageOfPage":{"@id":"http:\/\/ferrocanor.com\/es\/#primaryimage"},"image":{"@id":"http:\/\/ferrocanor.com\/es\/#primaryimage"},"thumbnailUrl":"https:\/\/ferrocanor.com\/wp-content\/uploads\/2020\/06\/iconos-ferrocanor-01.png","datePublished":"2014-11-01T16:27:04+00:00","dateModified":"2020-06-07T18:35:19+00:00","breadcrumb":{"@id":"http:\/\/ferrocanor.com\/es\/#breadcrumb"},"inLanguage":"es-ES","potentialAction":[{"@type":"ReadAction","target":["http:\/\/ferrocanor.com\/es\/"]}]},{"@type":"ImageObject","inLanguage":"es-ES","@id":"http:\/\/ferrocanor.com\/es\/#primaryimage","url":"https:\/\/ferrocanor.com\/wp-content\/uploads\/2020\/06\/iconos-ferrocanor-01.png","contentUrl":"https:\/\/ferrocanor.com\/wp-content\/uploads\/2020\/06\/iconos-ferrocanor-01.png"},{"@type":"BreadcrumbList","@id":"http:\/\/ferrocanor.com\/es\/#breadcrumb","itemListElement":[{"@type":"ListItem","position":1,"name":"Home","item":"http:\/\/ferrocanor.com\/es\/"},{"@type":"ListItem","position":2,"name":"Inicio"}]},{"@type":"WebSite","@id":"http:\/\/ferrocanor.com\/#website","url":"http:\/\/ferrocanor.com\/","name":"ferrocanor.com","description":"Hierro - Aluminio - PVC","publisher":{"@id":"http:\/\/ferrocanor.com\/#organization"},"potentialAction":[{"@type":"SearchAction","target":{"@type":"EntryPoint","urlTemplate":"http:\/\/ferrocanor.com\/?s={search_term_string}"},"query-input":"required name=search_term_string"}],"inLanguage":"es-ES"},{"@type":"Organization","@id":"http:\/\/ferrocanor.com\/#organization","name":"ferrocanor.com","url":"http:\/\/ferrocanor.com\/","logo":{"@type":"ImageObject","inLanguage":"es-ES","@id":"http:\/\/ferrocanor.com\/#\/schema\/logo\/image\/","url":"https:\/\/ferrocanor.com\/wp-content\/uploads\/2022\/02\/logo-ferrocanor-horizontal-web-01.png","contentUrl":"https:\/\/ferrocanor.com\/wp-content\/uploads\/2022\/02\/logo-ferrocanor-horizontal-web-01.png","width":357,"height":143,"caption":"ferrocanor.com"},"image":{"@id":"http:\/\/ferrocanor.com\/#\/schema\/logo\/image\/"},"sameAs":["https:\/\/www.facebook.com\/Canor-ferro-alumini-i-PVC-171451982903235"]}]}},"_links":{"self":[{"href":"https:\/\/ferrocanor.com\/es\/wp-json\/wp\/v2\/pages\/66"}],"collection":[{"href":"https:\/\/ferrocanor.com\/es\/wp-json\/wp\/v2\/pages"}],"about":[{"href":"https:\/\/ferrocanor.com\/es\/wp-json\/wp\/v2\/types\/page"}],"author":[{"embeddable":true,"href":"https:\/\/ferrocanor.com\/es\/wp-json\/wp\/v2\/users\/2"}],"replies":[{"embeddable":true,"href":"https:\/\/ferrocanor.com\/es\/wp-json\/wp\/v2\/comments?post=66"}],"version-history":[{"count":26,"href":"https:\/\/ferrocanor.com\/es\/wp-json\/wp\/v2\/pages\/66\/revisions"}],"predecessor-version":[{"id":8310,"href":"https:\/\/ferrocanor.com\/es\/wp-json\/wp\/v2\/pages\/66\/revisions\/8310"}],"wp:attachment":[{"href":"https:\/\/ferrocanor.com\/es\/wp-json\/wp\/v2\/media?parent=66"}],"curies":[{"name":"wp","href":"https:\/\/api.w.org\/{rel}","templated":true}]}}