{"id":7260,"date":"2017-01-15T20:30:52","date_gmt":"2017-01-15T19:30:52","guid":{"rendered":"https:\/\/ferrocanor.com\/productos\/marquesines\/"},"modified":"2017-03-18T16:37:37","modified_gmt":"2017-03-18T15:37:37","slug":"marquesinas","status":"publish","type":"page","link":"https:\/\/ferrocanor.com\/es\/productos\/marquesinas\/","title":{"rendered":"Marquesinas"},"content":{"rendered":"<p><a href=\"https:\/\/ferrocanor.com\/wp-content\/uploads\/2017\/01\/portada-marquesina.jpg\" data-rel=\"lightbox-image-0\" data-rl_title=\"\" data-rl_caption=\"\" title=\"\"><img loading=\"lazy\" decoding=\"async\" class=\"portada-producte aligncenter wp-image-7238 size-full\" src=\"https:\/\/ferrocanor.com\/wp-content\/uploads\/2017\/01\/portada-marquesina.jpg\" alt=\"marquesinas\" width=\"960\" height=\"324\" srcset=\"https:\/\/ferrocanor.com\/wp-content\/uploads\/2017\/01\/portada-marquesina.jpg 960w, https:\/\/ferrocanor.com\/wp-content\/uploads\/2017\/01\/portada-marquesina-300x101.jpg 300w, https:\/\/ferrocanor.com\/wp-content\/uploads\/2017\/01\/portada-marquesina-768x259.jpg 768w, https:\/\/ferrocanor.com\/wp-content\/uploads\/2017\/01\/portada-marquesina-250x84.jpg 250w\" sizes=\"(max-width: 960px) 100vw, 960px\" \/><\/a><\/p>\n<h2>Marquesinas<\/h2>\n<hr \/>\n<p>Las marquesinas son cubiertas frente a una puerta, una ventana o un porche que sirve como protecci\u00f3n de la lluvia y sol.<br \/>\nFabricamos marquesinas a medida con estructura o soportes de hierro y la cubierta de policarbonato o vidrio.<br \/>\nLa\u00a0 estructura o soportes de hierro se pueden galvanizar y lacar al horno con el color deseado.<\/p>\n<p>En la galeria siguiente pod\u00e9is ver unos ejemplos de trabajos acabados y detalles de marquesinas, y as\u00ed os pod\u00e9is hacer una idea de todas las posibilidades y materiales que tenemos.<\/p>\n<hr \/>\n\n\t\t<style type=\"text\/css\">\n\t\t\t#gallery-2 {\n\t\t\t\tmargin: auto;\n\t\t\t}\n\t\t\t#gallery-2 .gallery-item {\n\t\t\t\tfloat: left;\n\t\t\t\tmargin-top: 10px;\n\t\t\t\ttext-align: center;\n\t\t\t\twidth: 25%;\n\t\t\t}\n\t\t\t#gallery-2 img {\n\t\t\t\tborder: 2px solid #cfcfcf;\n\t\t\t}\n\t\t\t#gallery-2 .gallery-caption {\n\t\t\t\tmargin-left: 0;\n\t\t\t}\n\t\t\t\/* see gallery_shortcode() in wp-includes\/media.php *\/\n\t\t<\/style>\n\t\t<div id='gallery-2' class='gallery galleryid-7260 gallery-columns-4 gallery-size-thumbnail'><dl class='gallery-item'>\n\t\t\t<dt class='gallery-icon landscape'>\n\t\t\t\t<a href='https:\/\/ferrocanor.com\/wp-content\/uploads\/2017\/01\/marquesina-soports-ferro-lacat-blanc-i-policarbonato-blanc-2.jpg' title=\"\" data-rl_title=\"\" class=\"rl-gallery-link\" data-rl_caption=\"\" data-rel=\"lightbox-gallery-2\"><img loading=\"lazy\" decoding=\"async\" width=\"150\" height=\"150\" src=\"https:\/\/ferrocanor.com\/wp-content\/uploads\/2017\/01\/marquesina-soports-ferro-lacat-blanc-i-policarbonato-blanc-2-150x150.jpg\" class=\"attachment-thumbnail size-thumbnail\" alt=\"Marquesina soportes de hierro lacado blanco y policarbonato blanco\" srcset=\"https:\/\/ferrocanor.com\/wp-content\/uploads\/2017\/01\/marquesina-soports-ferro-lacat-blanc-i-policarbonato-blanc-2-150x150.jpg 150w, https:\/\/ferrocanor.com\/wp-content\/uploads\/2017\/01\/marquesina-soports-ferro-lacat-blanc-i-policarbonato-blanc-2-100x100.jpg 100w\" sizes=\"(max-width: 150px) 100vw, 150px\" \/><\/a>\n\t\t\t<\/dt><\/dl><dl class='gallery-item'>\n\t\t\t<dt class='gallery-icon landscape'>\n\t\t\t\t<a href='https:\/\/ferrocanor.com\/wp-content\/uploads\/2017\/01\/marquesina-soports-ferro-lacat-blanc-i-policarbonato-blanc.jpg' title=\"\" data-rl_title=\"\" class=\"rl-gallery-link\" data-rl_caption=\"\" data-rel=\"lightbox-gallery-2\"><img loading=\"lazy\" decoding=\"async\" width=\"150\" height=\"150\" src=\"https:\/\/ferrocanor.com\/wp-content\/uploads\/2017\/01\/marquesina-soports-ferro-lacat-blanc-i-policarbonato-blanc-150x150.jpg\" class=\"attachment-thumbnail size-thumbnail\" alt=\"Marquesina soportes de hierro lacado blanco y policarbonato blanco\" srcset=\"https:\/\/ferrocanor.com\/wp-content\/uploads\/2017\/01\/marquesina-soports-ferro-lacat-blanc-i-policarbonato-blanc-150x150.jpg 150w, https:\/\/ferrocanor.com\/wp-content\/uploads\/2017\/01\/marquesina-soports-ferro-lacat-blanc-i-policarbonato-blanc-100x100.jpg 100w\" sizes=\"(max-width: 150px) 100vw, 150px\" \/><\/a>\n\t\t\t<\/dt><\/dl><dl class='gallery-item'>\n\t\t\t<dt class='gallery-icon landscape'>\n\t\t\t\t<a href='https:\/\/ferrocanor.com\/wp-content\/uploads\/2017\/01\/marquesina-ferro-lacat-negre-vidre-laminat-mate-2.jpg' title=\"\" data-rl_title=\"\" class=\"rl-gallery-link\" data-rl_caption=\"\" data-rel=\"lightbox-gallery-2\"><img loading=\"lazy\" decoding=\"async\" width=\"150\" height=\"150\" src=\"https:\/\/ferrocanor.com\/wp-content\/uploads\/2017\/01\/marquesina-ferro-lacat-negre-vidre-laminat-mate-2-150x150.jpg\" class=\"attachment-thumbnail size-thumbnail\" alt=\"Marquesina de hierro lacado negro y cristal laminado mate\" srcset=\"https:\/\/ferrocanor.com\/wp-content\/uploads\/2017\/01\/marquesina-ferro-lacat-negre-vidre-laminat-mate-2-150x150.jpg 150w, https:\/\/ferrocanor.com\/wp-content\/uploads\/2017\/01\/marquesina-ferro-lacat-negre-vidre-laminat-mate-2-100x100.jpg 100w\" sizes=\"(max-width: 150px) 100vw, 150px\" \/><\/a>\n\t\t\t<\/dt><\/dl><dl class='gallery-item'>\n\t\t\t<dt class='gallery-icon landscape'>\n\t\t\t\t<a href='https:\/\/ferrocanor.com\/wp-content\/uploads\/2017\/01\/marquesina-ferro-lacat-negre-vidre-laminat-mate.jpg' title=\"\" data-rl_title=\"\" class=\"rl-gallery-link\" data-rl_caption=\"\" data-rel=\"lightbox-gallery-2\"><img loading=\"lazy\" decoding=\"async\" width=\"150\" height=\"150\" src=\"https:\/\/ferrocanor.com\/wp-content\/uploads\/2017\/01\/marquesina-ferro-lacat-negre-vidre-laminat-mate-150x150.jpg\" class=\"attachment-thumbnail size-thumbnail\" alt=\"Marquesina de hierro lacado negro y cristal laminado mate\" srcset=\"https:\/\/ferrocanor.com\/wp-content\/uploads\/2017\/01\/marquesina-ferro-lacat-negre-vidre-laminat-mate-150x150.jpg 150w, https:\/\/ferrocanor.com\/wp-content\/uploads\/2017\/01\/marquesina-ferro-lacat-negre-vidre-laminat-mate-100x100.jpg 100w\" sizes=\"(max-width: 150px) 100vw, 150px\" \/><\/a>\n\t\t\t<\/dt><\/dl><br style=\"clear: both\" \/>\n\t\t<\/div>\n\n","protected":false},"excerpt":{"rendered":"<p>Marquesinas Las marquesinas son cubiertas frente a una puerta, una ventana o un porche que sirve como protecci\u00f3n de la lluvia y sol. Fabricamos marquesinas a medida con estructura o soportes de hierro y la cubierta de policarbonato o vidrio. La\u00a0 estructura o soportes de hierro se pueden galvanizar y lacar al horno con el [&hellip;]<\/p>\n","protected":false},"author":3,"featured_media":0,"parent":317,"menu_order":0,"comment_status":"closed","ping_status":"closed","template":"","meta":{"_monsterinsights_skip_tracking":false,"_monsterinsights_sitenote_active":false,"_monsterinsights_sitenote_note":"","_monsterinsights_sitenote_category":0,"footnotes":""},"yoast_head":"<!-- This site is optimized with the Yoast SEO plugin v22.9 - https:\/\/yoast.com\/wordpress\/plugins\/seo\/ -->\n<title>Marquesinas a medida de hierro, aluminio, policarbonato o cristal<\/title>\n<meta name=\"description\" content=\"Fabricamos marquesinas a medida combinando hierro, aluminio, policarbonato y cristal para proteger su ventana, puerta o porche del sol y la lluvia.\" \/>\n<meta name=\"robots\" content=\"index, follow, max-snippet:-1, max-image-preview:large, max-video-preview:-1\" \/>\n<link rel=\"canonical\" href=\"https:\/\/ferrocanor.com\/es\/productos\/marquesinas\/\" \/>\n<meta property=\"og:locale\" content=\"es_ES\" \/>\n<meta property=\"og:type\" content=\"article\" \/>\n<meta property=\"og:title\" content=\"Marquesinas a medida de hierro, aluminio, policarbonato o cristal\" \/>\n<meta property=\"og:description\" content=\"Fabricamos marquesinas a medida combinando hierro, aluminio, policarbonato y cristal para proteger su ventana, puerta o porche del sol y la lluvia.\" \/>\n<meta property=\"og:url\" content=\"https:\/\/ferrocanor.com\/es\/productos\/marquesinas\/\" \/>\n<meta property=\"og:site_name\" content=\"ferrocanor.com\" \/>\n<meta property=\"article:publisher\" content=\"https:\/\/www.facebook.com\/Canor-ferro-alumini-i-PVC-171451982903235\" \/>\n<meta property=\"article:modified_time\" content=\"2017-03-18T15:37:37+00:00\" \/>\n<meta property=\"og:image\" content=\"https:\/\/ferrocanor.com\/wp-content\/uploads\/2017\/01\/marquesina-soports-ferro-lacat-blanc-i-policarbonato-blanc-2-150x150.jpg\" \/>\n<script type=\"application\/ld+json\" class=\"yoast-schema-graph\">{\"@context\":\"https:\/\/schema.org\",\"@graph\":[{\"@type\":\"WebPage\",\"@id\":\"https:\/\/ferrocanor.com\/es\/productos\/marquesinas\/\",\"url\":\"https:\/\/ferrocanor.com\/es\/productos\/marquesinas\/\",\"name\":\"Marquesinas a medida de hierro, aluminio, policarbonato o cristal\",\"isPartOf\":{\"@id\":\"http:\/\/ferrocanor.com\/#website\"},\"primaryImageOfPage\":{\"@id\":\"https:\/\/ferrocanor.com\/es\/productos\/marquesinas\/#primaryimage\"},\"image\":{\"@id\":\"https:\/\/ferrocanor.com\/es\/productos\/marquesinas\/#primaryimage\"},\"thumbnailUrl\":\"https:\/\/ferrocanor.com\/wp-content\/uploads\/2017\/01\/portada-marquesina.jpg\",\"datePublished\":\"2017-01-15T19:30:52+00:00\",\"dateModified\":\"2017-03-18T15:37:37+00:00\",\"description\":\"Fabricamos marquesinas a medida combinando hierro, aluminio, policarbonato y cristal para proteger su ventana, puerta o porche del sol y la lluvia.\",\"breadcrumb\":{\"@id\":\"https:\/\/ferrocanor.com\/es\/productos\/marquesinas\/#breadcrumb\"},\"inLanguage\":\"es-ES\",\"potentialAction\":[{\"@type\":\"ReadAction\",\"target\":[\"https:\/\/ferrocanor.com\/es\/productos\/marquesinas\/\"]}]},{\"@type\":\"ImageObject\",\"inLanguage\":\"es-ES\",\"@id\":\"https:\/\/ferrocanor.com\/es\/productos\/marquesinas\/#primaryimage\",\"url\":\"https:\/\/ferrocanor.com\/wp-content\/uploads\/2017\/01\/portada-marquesina.jpg\",\"contentUrl\":\"https:\/\/ferrocanor.com\/wp-content\/uploads\/2017\/01\/portada-marquesina.jpg\"},{\"@type\":\"BreadcrumbList\",\"@id\":\"https:\/\/ferrocanor.com\/es\/productos\/marquesinas\/#breadcrumb\",\"itemListElement\":[{\"@type\":\"ListItem\",\"position\":1,\"name\":\"Home\",\"item\":\"http:\/\/ferrocanor.com\/es\/\"},{\"@type\":\"ListItem\",\"position\":2,\"name\":\"Productos\",\"item\":\"http:\/\/ferrocanor.com\/es\/productos\/\"},{\"@type\":\"ListItem\",\"position\":3,\"name\":\"Marquesinas\"}]},{\"@type\":\"WebSite\",\"@id\":\"http:\/\/ferrocanor.com\/#website\",\"url\":\"http:\/\/ferrocanor.com\/\",\"name\":\"ferrocanor.com\",\"description\":\"Hierro - Aluminio - PVC\",\"publisher\":{\"@id\":\"http:\/\/ferrocanor.com\/#organization\"},\"potentialAction\":[{\"@type\":\"SearchAction\",\"target\":{\"@type\":\"EntryPoint\",\"urlTemplate\":\"http:\/\/ferrocanor.com\/?s={search_term_string}\"},\"query-input\":\"required name=search_term_string\"}],\"inLanguage\":\"es-ES\"},{\"@type\":\"Organization\",\"@id\":\"http:\/\/ferrocanor.com\/#organization\",\"name\":\"ferrocanor.com\",\"url\":\"http:\/\/ferrocanor.com\/\",\"logo\":{\"@type\":\"ImageObject\",\"inLanguage\":\"es-ES\",\"@id\":\"http:\/\/ferrocanor.com\/#\/schema\/logo\/image\/\",\"url\":\"https:\/\/ferrocanor.com\/wp-content\/uploads\/2022\/02\/logo-ferrocanor-horizontal-web-01.png\",\"contentUrl\":\"https:\/\/ferrocanor.com\/wp-content\/uploads\/2022\/02\/logo-ferrocanor-horizontal-web-01.png\",\"width\":357,\"height\":143,\"caption\":\"ferrocanor.com\"},\"image\":{\"@id\":\"http:\/\/ferrocanor.com\/#\/schema\/logo\/image\/\"},\"sameAs\":[\"https:\/\/www.facebook.com\/Canor-ferro-alumini-i-PVC-171451982903235\"]}]}<\/script>\n<!-- \/ Yoast SEO plugin. -->","yoast_head_json":{"title":"Marquesinas a medida de hierro, aluminio, policarbonato o cristal","description":"Fabricamos marquesinas a medida combinando hierro, aluminio, policarbonato y cristal para proteger su ventana, puerta o porche del sol y la lluvia.","robots":{"index":"index","follow":"follow","max-snippet":"max-snippet:-1","max-image-preview":"max-image-preview:large","max-video-preview":"max-video-preview:-1"},"canonical":"https:\/\/ferrocanor.com\/es\/productos\/marquesinas\/","og_locale":"es_ES","og_type":"article","og_title":"Marquesinas a medida de hierro, aluminio, policarbonato o cristal","og_description":"Fabricamos marquesinas a medida combinando hierro, aluminio, policarbonato y cristal para proteger su ventana, puerta o porche del sol y la lluvia.","og_url":"https:\/\/ferrocanor.com\/es\/productos\/marquesinas\/","og_site_name":"ferrocanor.com","article_publisher":"https:\/\/www.facebook.com\/Canor-ferro-alumini-i-PVC-171451982903235","article_modified_time":"2017-03-18T15:37:37+00:00","og_image":[{"url":"https:\/\/ferrocanor.com\/wp-content\/uploads\/2017\/01\/marquesina-soports-ferro-lacat-blanc-i-policarbonato-blanc-2-150x150.jpg"}],"schema":{"@context":"https:\/\/schema.org","@graph":[{"@type":"WebPage","@id":"https:\/\/ferrocanor.com\/es\/productos\/marquesinas\/","url":"https:\/\/ferrocanor.com\/es\/productos\/marquesinas\/","name":"Marquesinas a medida de hierro, aluminio, policarbonato o cristal","isPartOf":{"@id":"http:\/\/ferrocanor.com\/#website"},"primaryImageOfPage":{"@id":"https:\/\/ferrocanor.com\/es\/productos\/marquesinas\/#primaryimage"},"image":{"@id":"https:\/\/ferrocanor.com\/es\/productos\/marquesinas\/#primaryimage"},"thumbnailUrl":"https:\/\/ferrocanor.com\/wp-content\/uploads\/2017\/01\/portada-marquesina.jpg","datePublished":"2017-01-15T19:30:52+00:00","dateModified":"2017-03-18T15:37:37+00:00","description":"Fabricamos marquesinas a medida combinando hierro, aluminio, policarbonato y cristal para proteger su ventana, puerta o porche del sol y la lluvia.","breadcrumb":{"@id":"https:\/\/ferrocanor.com\/es\/productos\/marquesinas\/#breadcrumb"},"inLanguage":"es-ES","potentialAction":[{"@type":"ReadAction","target":["https:\/\/ferrocanor.com\/es\/productos\/marquesinas\/"]}]},{"@type":"ImageObject","inLanguage":"es-ES","@id":"https:\/\/ferrocanor.com\/es\/productos\/marquesinas\/#primaryimage","url":"https:\/\/ferrocanor.com\/wp-content\/uploads\/2017\/01\/portada-marquesina.jpg","contentUrl":"https:\/\/ferrocanor.com\/wp-content\/uploads\/2017\/01\/portada-marquesina.jpg"},{"@type":"BreadcrumbList","@id":"https:\/\/ferrocanor.com\/es\/productos\/marquesinas\/#breadcrumb","itemListElement":[{"@type":"ListItem","position":1,"name":"Home","item":"http:\/\/ferrocanor.com\/es\/"},{"@type":"ListItem","position":2,"name":"Productos","item":"http:\/\/ferrocanor.com\/es\/productos\/"},{"@type":"ListItem","position":3,"name":"Marquesinas"}]},{"@type":"WebSite","@id":"http:\/\/ferrocanor.com\/#website","url":"http:\/\/ferrocanor.com\/","name":"ferrocanor.com","description":"Hierro - Aluminio - PVC","publisher":{"@id":"http:\/\/ferrocanor.com\/#organization"},"potentialAction":[{"@type":"SearchAction","target":{"@type":"EntryPoint","urlTemplate":"http:\/\/ferrocanor.com\/?s={search_term_string}"},"query-input":"required name=search_term_string"}],"inLanguage":"es-ES"},{"@type":"Organization","@id":"http:\/\/ferrocanor.com\/#organization","name":"ferrocanor.com","url":"http:\/\/ferrocanor.com\/","logo":{"@type":"ImageObject","inLanguage":"es-ES","@id":"http:\/\/ferrocanor.com\/#\/schema\/logo\/image\/","url":"https:\/\/ferrocanor.com\/wp-content\/uploads\/2022\/02\/logo-ferrocanor-horizontal-web-01.png","contentUrl":"https:\/\/ferrocanor.com\/wp-content\/uploads\/2022\/02\/logo-ferrocanor-horizontal-web-01.png","width":357,"height":143,"caption":"ferrocanor.com"},"image":{"@id":"http:\/\/ferrocanor.com\/#\/schema\/logo\/image\/"},"sameAs":["https:\/\/www.facebook.com\/Canor-ferro-alumini-i-PVC-171451982903235"]}]}},"_links":{"self":[{"href":"https:\/\/ferrocanor.com\/es\/wp-json\/wp\/v2\/pages\/7260"}],"collection":[{"href":"https:\/\/ferrocanor.com\/es\/wp-json\/wp\/v2\/pages"}],"about":[{"href":"https:\/\/ferrocanor.com\/es\/wp-json\/wp\/v2\/types\/page"}],"author":[{"embeddable":true,"href":"https:\/\/ferrocanor.com\/es\/wp-json\/wp\/v2\/users\/3"}],"replies":[{"embeddable":true,"href":"https:\/\/ferrocanor.com\/es\/wp-json\/wp\/v2\/comments?post=7260"}],"version-history":[{"count":2,"href":"https:\/\/ferrocanor.com\/es\/wp-json\/wp\/v2\/pages\/7260\/revisions"}],"predecessor-version":[{"id":7262,"href":"https:\/\/ferrocanor.com\/es\/wp-json\/wp\/v2\/pages\/7260\/revisions\/7262"}],"up":[{"embeddable":true,"href":"https:\/\/ferrocanor.com\/es\/wp-json\/wp\/v2\/pages\/317"}],"wp:attachment":[{"href":"https:\/\/ferrocanor.com\/es\/wp-json\/wp\/v2\/media?parent=7260"}],"curies":[{"name":"wp","href":"https:\/\/api.w.org\/{rel}","templated":true}]}}