{"id":7685,"date":"2017-10-21T18:25:56","date_gmt":"2017-10-21T16:25:56","guid":{"rendered":"https:\/\/ferrocanor.com\/revestiments-de-facanes\/"},"modified":"2018-08-05T12:56:11","modified_gmt":"2018-08-05T10:56:11","slug":"revestimientos-de-fachadas","status":"publish","type":"page","link":"https:\/\/ferrocanor.com\/es\/productos\/revestimientos-de-fachadas\/","title":{"rendered":"Revestimientos de fachadas"},"content":{"rendered":"<p><a href=\"https:\/\/ferrocanor.com\/wp-content\/uploads\/2017\/10\/portada-revestiments-fa\u00e7anes-1.jpg\" data-rel=\"lightbox-image-0\" data-rl_title=\"\" data-rl_caption=\"\" title=\"\"><img loading=\"lazy\" decoding=\"async\" class=\"portada-producte alignnone wp-image-1570 size-full\" src=\"https:\/\/ferrocanor.com\/wp-content\/uploads\/2017\/10\/portada-revestiments-fa\u00e7anes-1.jpg\" alt=\"portada revestiments fa\u00e7anes\" width=\"960\" height=\"324\" \/><\/a><\/p>\n<h2>Revestimiento de fachadas<\/h2>\n<hr \/>\n<p>Realizamos revestimiento de fachada con varios tipos de materiales.<\/p>\n<ul>\n<li>\n<h4>PANEL COMPOSITE DE ALUMINIO<\/h4>\n<p>Panel de muy alta calidad que aporta multitud de posibilidades constructivas gracias a su versatilidad y a sus excelentes propiedades f\u00edsicas y mec\u00e1nicas.<\/li>\n<\/ul>\n<ol>\n<li>Est\u00e1 compuesto de dos l\u00e1minas de aluminio unidas por un n\u00facleo de resinas termopl\u00e1sticas.<\/li>\n<li>Tiene un alto grado de aislamiento ac\u00fastico, alta resistencia al fuego, elevada rigidez y reducido peso por lo que los paneles de composite los podemos utilizar para fachadas ventiladas, cubiertas y falsos techos, puertas de parcela, marquesinas, etc.<\/li>\n<li>Existen 3 tipos de panel. Panel de 4 mm est\u00e1ndar, panel 4 mm retardante al fuego, y panel 3mm para aplicaciones interiores o decoraci\u00f3n.<\/li>\n<li>Gran variedad de colores y acabados.<\/li>\n<\/ol>\n<ul>\n<li>\n<h4>PANELES SANDWICH DE FACHADA<\/h4>\n<p>Se trata de dos chapas de hierro prelacadas unidades con un n\u00facleo de poliuretano.<\/li>\n<\/ul>\n<ol>\n<li>Paneles de 30mm, 40mm, 50 mm, 60mm i 80mm<\/li>\n<li>Lisos, micronervados o tipo machihembrado.<\/li>\n<li>Con tornillo visto u oculto<\/li>\n<li>Blanco, color madera (colores varios carta RAL consultar)<\/li>\n<li>Ideales para cerramientos de terrazas, \u00e1ticos, habitaciones, salas blancas. Tambi\u00e9n se puede colocar en posici\u00f3n cubierta.<\/li>\n<\/ol>\n<ul>\n<li>\n<h4>PERFIL TARIMA VERTICAL PVC<\/h4>\n<p>Al igual que instalamos tarimas de PVC para terrazas tambi\u00e9n podemos realizar revestimientos de fachadas con este tipo de perfil. Disponemos de 3 tipos de perfiles para realizar los revestimientos de fachada.<\/li>\n<\/ul>\n<ol>\n<li>Es muy resistente a la intemperie y disponemos de una gran variedad de colores y acabados.<\/li>\n<li>Ver ventajas del perfil tarima en TARIMAS DE PVC PARA EXTERIOR<\/li>\n<\/ol>\n<p>En la galeria seguiente pod\u00e9is ver unos ejemplos de trabajos acabados.<\/p>\n<hr \/>\n<h5><\/h5>\n\n\t\t<style type=\"text\/css\">\n\t\t\t#gallery-2 {\n\t\t\t\tmargin: auto;\n\t\t\t}\n\t\t\t#gallery-2 .gallery-item {\n\t\t\t\tfloat: left;\n\t\t\t\tmargin-top: 10px;\n\t\t\t\ttext-align: center;\n\t\t\t\twidth: 33%;\n\t\t\t}\n\t\t\t#gallery-2 img {\n\t\t\t\tborder: 2px solid #cfcfcf;\n\t\t\t}\n\t\t\t#gallery-2 .gallery-caption {\n\t\t\t\tmargin-left: 0;\n\t\t\t}\n\t\t\t\/* see gallery_shortcode() in wp-includes\/media.php *\/\n\t\t<\/style>\n\t\t<div id='gallery-2' class='gallery galleryid-7685 gallery-columns-3 gallery-size-thumbnail'><dl class='gallery-item'>\n\t\t\t<dt class='gallery-icon landscape'>\n\t\t\t\t<a href=\"http:\/\/ferrocanor.com\/es\/productos\/revestimientos-de-fachadas\/revestimiento-fachada-composite-aluminio-xabia\/\" title=\"\" data-rl_title=\"\" class=\"rl-gallery-link no-lightbox\" data-rl_caption=\"\" data-rel=\"lightbox-gallery-2\"><img loading=\"lazy\" decoding=\"async\" width=\"150\" height=\"150\" src=\"https:\/\/ferrocanor.com\/wp-content\/uploads\/2017\/10\/miniatura-vivienda-xabia-150x150.jpg\" class=\"attachment-thumbnail size-thumbnail\" alt=\"\" aria-describedby=\"gallery-2-7635\" srcset=\"https:\/\/ferrocanor.com\/wp-content\/uploads\/2017\/10\/miniatura-vivienda-xabia-150x150.jpg 150w, https:\/\/ferrocanor.com\/wp-content\/uploads\/2017\/10\/miniatura-vivienda-xabia-165x165.jpg 165w, https:\/\/ferrocanor.com\/wp-content\/uploads\/2017\/10\/miniatura-vivienda-xabia-768x768.jpg 768w, https:\/\/ferrocanor.com\/wp-content\/uploads\/2017\/10\/miniatura-vivienda-xabia-200x200.jpg 200w, https:\/\/ferrocanor.com\/wp-content\/uploads\/2017\/10\/miniatura-vivienda-xabia-100x100.jpg 100w, https:\/\/ferrocanor.com\/wp-content\/uploads\/2017\/10\/miniatura-vivienda-xabia.jpg 1000w\" sizes=\"(max-width: 150px) 100vw, 150px\" \/><\/a>\n\t\t\t<\/dt>\n\t\t\t\t<dd class='wp-caption-text gallery-caption' id='gallery-2-7635'>\n\t\t\t\tPanel composite aluminio X\u00e0bia\n\t\t\t\t<\/dd><\/dl><dl class='gallery-item'>\n\t\t\t<dt class='gallery-icon landscape'>\n\t\t\t\t<a href=\"http:\/\/ferrocanor.com\/es\/productos\/revestimientos-de-fachadas\/revestimiento-fachada-panel-composite-aluminio-comercio-moraira\/\" title=\"\" data-rl_title=\"\" class=\"rl-gallery-link no-lightbox\" data-rl_caption=\"\" data-rel=\"lightbox-gallery-2\"><img loading=\"lazy\" decoding=\"async\" width=\"150\" height=\"150\" src=\"https:\/\/ferrocanor.com\/wp-content\/uploads\/2017\/10\/miniatura-fa\u00e7ana-panel-composite-moraira-1-150x150.jpg\" class=\"attachment-thumbnail size-thumbnail\" alt=\"\" aria-describedby=\"gallery-2-7743\" srcset=\"https:\/\/ferrocanor.com\/wp-content\/uploads\/2017\/10\/miniatura-fa\u00e7ana-panel-composite-moraira-1-150x150.jpg 150w, https:\/\/ferrocanor.com\/wp-content\/uploads\/2017\/10\/miniatura-fa\u00e7ana-panel-composite-moraira-1-165x165.jpg 165w, https:\/\/ferrocanor.com\/wp-content\/uploads\/2017\/10\/miniatura-fa\u00e7ana-panel-composite-moraira-1-768x768.jpg 768w, https:\/\/ferrocanor.com\/wp-content\/uploads\/2017\/10\/miniatura-fa\u00e7ana-panel-composite-moraira-1-200x200.jpg 200w, https:\/\/ferrocanor.com\/wp-content\/uploads\/2017\/10\/miniatura-fa\u00e7ana-panel-composite-moraira-1-100x100.jpg 100w, https:\/\/ferrocanor.com\/wp-content\/uploads\/2017\/10\/miniatura-fa\u00e7ana-panel-composite-moraira-1.jpg 1000w\" sizes=\"(max-width: 150px) 100vw, 150px\" \/><\/a>\n\t\t\t<\/dt>\n\t\t\t\t<dd class='wp-caption-text gallery-caption' id='gallery-2-7743'>\n\t\t\t\tPanel composite aluminio comercio Moraira\n\t\t\t\t<\/dd><\/dl>\n\t\t\t<br style='clear: both' \/>\n\t\t<\/div>\n\n","protected":false},"excerpt":{"rendered":"<p>Revestimiento de fachadas Realizamos revestimiento de fachada con varios tipos de materiales. PANEL COMPOSITE DE ALUMINIO Panel de muy alta calidad que aporta multitud de posibilidades constructivas gracias a su versatilidad y a sus excelentes propiedades f\u00edsicas y mec\u00e1nicas. Est\u00e1 compuesto de dos l\u00e1minas de aluminio unidas por un n\u00facleo de resinas termopl\u00e1sticas. Tiene un [&hellip;]<\/p>\n","protected":false},"author":3,"featured_media":0,"parent":317,"menu_order":0,"comment_status":"closed","ping_status":"closed","template":"","meta":{"_monsterinsights_skip_tracking":false,"_monsterinsights_sitenote_active":false,"_monsterinsights_sitenote_note":"","_monsterinsights_sitenote_category":0,"footnotes":""},"yoast_head":"<!-- This site is optimized with the Yoast SEO plugin v22.9 - https:\/\/yoast.com\/wordpress\/plugins\/seo\/ -->\n<title>Revestimientos de fachadas de alta calidad y gran acabado<\/title>\n<meta name=\"description\" content=\"Ofrecemos diferentes opciones en revestimientos de fachadas: panel composite de aluminio, panel sandwich y perfil tarima vertical pvc.\" \/>\n<meta name=\"robots\" content=\"index, follow, max-snippet:-1, max-image-preview:large, max-video-preview:-1\" \/>\n<link rel=\"canonical\" href=\"https:\/\/ferrocanor.com\/es\/productos\/revestimientos-de-fachadas\/\" \/>\n<meta property=\"og:locale\" content=\"es_ES\" \/>\n<meta property=\"og:type\" content=\"article\" \/>\n<meta property=\"og:title\" content=\"Revestimientos de fachadas de alta calidad y gran acabado\" \/>\n<meta property=\"og:description\" content=\"Ofrecemos diferentes opciones en revestimientos de fachadas: panel composite de aluminio, panel sandwich y perfil tarima vertical pvc.\" \/>\n<meta property=\"og:url\" content=\"https:\/\/ferrocanor.com\/es\/productos\/revestimientos-de-fachadas\/\" \/>\n<meta property=\"og:site_name\" content=\"ferrocanor.com\" \/>\n<meta property=\"article:publisher\" content=\"https:\/\/www.facebook.com\/Canor-ferro-alumini-i-PVC-171451982903235\" \/>\n<meta property=\"article:modified_time\" content=\"2018-08-05T10:56:11+00:00\" \/>\n<meta property=\"og:image\" content=\"https:\/\/ferrocanor.com\/wp-content\/uploads\/2017\/10\/miniatura-vivienda-xabia-150x150.jpg\" \/>\n<meta name=\"twitter:label1\" content=\"Est. reading time\" \/>\n\t<meta name=\"twitter:data1\" content=\"1 minute\" \/>\n<script type=\"application\/ld+json\" class=\"yoast-schema-graph\">{\"@context\":\"https:\/\/schema.org\",\"@graph\":[{\"@type\":\"WebPage\",\"@id\":\"https:\/\/ferrocanor.com\/es\/productos\/revestimientos-de-fachadas\/\",\"url\":\"https:\/\/ferrocanor.com\/es\/productos\/revestimientos-de-fachadas\/\",\"name\":\"Revestimientos de fachadas de alta calidad y gran acabado\",\"isPartOf\":{\"@id\":\"http:\/\/ferrocanor.com\/#website\"},\"datePublished\":\"2017-10-21T16:25:56+00:00\",\"dateModified\":\"2018-08-05T10:56:11+00:00\",\"description\":\"Ofrecemos diferentes opciones en revestimientos de fachadas: panel composite de aluminio, panel sandwich y perfil tarima vertical pvc.\",\"breadcrumb\":{\"@id\":\"https:\/\/ferrocanor.com\/es\/productos\/revestimientos-de-fachadas\/#breadcrumb\"},\"inLanguage\":\"es-ES\",\"potentialAction\":[{\"@type\":\"ReadAction\",\"target\":[\"https:\/\/ferrocanor.com\/es\/productos\/revestimientos-de-fachadas\/\"]}]},{\"@type\":\"BreadcrumbList\",\"@id\":\"https:\/\/ferrocanor.com\/es\/productos\/revestimientos-de-fachadas\/#breadcrumb\",\"itemListElement\":[{\"@type\":\"ListItem\",\"position\":1,\"name\":\"Home\",\"item\":\"http:\/\/ferrocanor.com\/es\/\"},{\"@type\":\"ListItem\",\"position\":2,\"name\":\"Productos\",\"item\":\"http:\/\/ferrocanor.com\/es\/productos\/\"},{\"@type\":\"ListItem\",\"position\":3,\"name\":\"Revestimientos de fachadas\"}]},{\"@type\":\"WebSite\",\"@id\":\"http:\/\/ferrocanor.com\/#website\",\"url\":\"http:\/\/ferrocanor.com\/\",\"name\":\"ferrocanor.com\",\"description\":\"Hierro - Aluminio - PVC\",\"publisher\":{\"@id\":\"http:\/\/ferrocanor.com\/#organization\"},\"potentialAction\":[{\"@type\":\"SearchAction\",\"target\":{\"@type\":\"EntryPoint\",\"urlTemplate\":\"http:\/\/ferrocanor.com\/?s={search_term_string}\"},\"query-input\":\"required name=search_term_string\"}],\"inLanguage\":\"es-ES\"},{\"@type\":\"Organization\",\"@id\":\"http:\/\/ferrocanor.com\/#organization\",\"name\":\"ferrocanor.com\",\"url\":\"http:\/\/ferrocanor.com\/\",\"logo\":{\"@type\":\"ImageObject\",\"inLanguage\":\"es-ES\",\"@id\":\"http:\/\/ferrocanor.com\/#\/schema\/logo\/image\/\",\"url\":\"https:\/\/ferrocanor.com\/wp-content\/uploads\/2022\/02\/logo-ferrocanor-horizontal-web-01.png\",\"contentUrl\":\"https:\/\/ferrocanor.com\/wp-content\/uploads\/2022\/02\/logo-ferrocanor-horizontal-web-01.png\",\"width\":357,\"height\":143,\"caption\":\"ferrocanor.com\"},\"image\":{\"@id\":\"http:\/\/ferrocanor.com\/#\/schema\/logo\/image\/\"},\"sameAs\":[\"https:\/\/www.facebook.com\/Canor-ferro-alumini-i-PVC-171451982903235\"]}]}<\/script>\n<!-- \/ Yoast SEO plugin. -->","yoast_head_json":{"title":"Revestimientos de fachadas de alta calidad y gran acabado","description":"Ofrecemos diferentes opciones en revestimientos de fachadas: panel composite de aluminio, panel sandwich y perfil tarima vertical pvc.","robots":{"index":"index","follow":"follow","max-snippet":"max-snippet:-1","max-image-preview":"max-image-preview:large","max-video-preview":"max-video-preview:-1"},"canonical":"https:\/\/ferrocanor.com\/es\/productos\/revestimientos-de-fachadas\/","og_locale":"es_ES","og_type":"article","og_title":"Revestimientos de fachadas de alta calidad y gran acabado","og_description":"Ofrecemos diferentes opciones en revestimientos de fachadas: panel composite de aluminio, panel sandwich y perfil tarima vertical pvc.","og_url":"https:\/\/ferrocanor.com\/es\/productos\/revestimientos-de-fachadas\/","og_site_name":"ferrocanor.com","article_publisher":"https:\/\/www.facebook.com\/Canor-ferro-alumini-i-PVC-171451982903235","article_modified_time":"2018-08-05T10:56:11+00:00","og_image":[{"url":"https:\/\/ferrocanor.com\/wp-content\/uploads\/2017\/10\/miniatura-vivienda-xabia-150x150.jpg"}],"twitter_misc":{"Est. reading time":"1 minute"},"schema":{"@context":"https:\/\/schema.org","@graph":[{"@type":"WebPage","@id":"https:\/\/ferrocanor.com\/es\/productos\/revestimientos-de-fachadas\/","url":"https:\/\/ferrocanor.com\/es\/productos\/revestimientos-de-fachadas\/","name":"Revestimientos de fachadas de alta calidad y gran acabado","isPartOf":{"@id":"http:\/\/ferrocanor.com\/#website"},"datePublished":"2017-10-21T16:25:56+00:00","dateModified":"2018-08-05T10:56:11+00:00","description":"Ofrecemos diferentes opciones en revestimientos de fachadas: panel composite de aluminio, panel sandwich y perfil tarima vertical pvc.","breadcrumb":{"@id":"https:\/\/ferrocanor.com\/es\/productos\/revestimientos-de-fachadas\/#breadcrumb"},"inLanguage":"es-ES","potentialAction":[{"@type":"ReadAction","target":["https:\/\/ferrocanor.com\/es\/productos\/revestimientos-de-fachadas\/"]}]},{"@type":"BreadcrumbList","@id":"https:\/\/ferrocanor.com\/es\/productos\/revestimientos-de-fachadas\/#breadcrumb","itemListElement":[{"@type":"ListItem","position":1,"name":"Home","item":"http:\/\/ferrocanor.com\/es\/"},{"@type":"ListItem","position":2,"name":"Productos","item":"http:\/\/ferrocanor.com\/es\/productos\/"},{"@type":"ListItem","position":3,"name":"Revestimientos de fachadas"}]},{"@type":"WebSite","@id":"http:\/\/ferrocanor.com\/#website","url":"http:\/\/ferrocanor.com\/","name":"ferrocanor.com","description":"Hierro - Aluminio - PVC","publisher":{"@id":"http:\/\/ferrocanor.com\/#organization"},"potentialAction":[{"@type":"SearchAction","target":{"@type":"EntryPoint","urlTemplate":"http:\/\/ferrocanor.com\/?s={search_term_string}"},"query-input":"required name=search_term_string"}],"inLanguage":"es-ES"},{"@type":"Organization","@id":"http:\/\/ferrocanor.com\/#organization","name":"ferrocanor.com","url":"http:\/\/ferrocanor.com\/","logo":{"@type":"ImageObject","inLanguage":"es-ES","@id":"http:\/\/ferrocanor.com\/#\/schema\/logo\/image\/","url":"https:\/\/ferrocanor.com\/wp-content\/uploads\/2022\/02\/logo-ferrocanor-horizontal-web-01.png","contentUrl":"https:\/\/ferrocanor.com\/wp-content\/uploads\/2022\/02\/logo-ferrocanor-horizontal-web-01.png","width":357,"height":143,"caption":"ferrocanor.com"},"image":{"@id":"http:\/\/ferrocanor.com\/#\/schema\/logo\/image\/"},"sameAs":["https:\/\/www.facebook.com\/Canor-ferro-alumini-i-PVC-171451982903235"]}]}},"_links":{"self":[{"href":"https:\/\/ferrocanor.com\/es\/wp-json\/wp\/v2\/pages\/7685"}],"collection":[{"href":"https:\/\/ferrocanor.com\/es\/wp-json\/wp\/v2\/pages"}],"about":[{"href":"https:\/\/ferrocanor.com\/es\/wp-json\/wp\/v2\/types\/page"}],"author":[{"embeddable":true,"href":"https:\/\/ferrocanor.com\/es\/wp-json\/wp\/v2\/users\/3"}],"replies":[{"embeddable":true,"href":"https:\/\/ferrocanor.com\/es\/wp-json\/wp\/v2\/comments?post=7685"}],"version-history":[{"count":6,"href":"https:\/\/ferrocanor.com\/es\/wp-json\/wp\/v2\/pages\/7685\/revisions"}],"predecessor-version":[{"id":7748,"href":"https:\/\/ferrocanor.com\/es\/wp-json\/wp\/v2\/pages\/7685\/revisions\/7748"}],"up":[{"embeddable":true,"href":"https:\/\/ferrocanor.com\/es\/wp-json\/wp\/v2\/pages\/317"}],"wp:attachment":[{"href":"https:\/\/ferrocanor.com\/es\/wp-json\/wp\/v2\/media?parent=7685"}],"curies":[{"name":"wp","href":"https:\/\/api.w.org\/{rel}","templated":true}]}}